{"id":259167,"date":"2024-09-29T12:01:01","date_gmt":"2024-09-29T12:01:01","guid":{"rendered":"https:\/\/irankiuzona.lt\/product\/galastuvas-grandinems-220w\/"},"modified":"2026-05-09T05:55:41","modified_gmt":"2026-05-09T05:55:41","slug":"galastuvas-grandinems-220w","status":"publish","type":"product","link":"https:\/\/irankiuzona.lt\/ru\/product\/galastuvas-grandinems-220w\/","title":{"rendered":"Gal\u0105stuvas grandin\u0117ms 220W"},"content":{"rendered":"<p>variklio galia &#8211; 220 Wma\u0161inos sukimosi greitis &#8211; 7500 aps.\/minmaitinimas &#8211; 230 Vsvoris &#8211; 2 kgdisko skersmuo &#8211; 100 mm<\/p>","protected":false},"excerpt":{"rendered":"<p>Gal\u0105stuvas grandin\u0117ms 220W<\/p>","protected":false},"featured_media":259169,"comment_status":"open","ping_status":"open","template":"","meta":[],"product_cat":[10081],"product_tag":[10087],"class_list":{"0":"post-259167","1":"product","2":"type-product","3":"status-publish","4":"has-post-thumbnail","6":"product_brand-verke","7":"product_cat-elektriniai-galastuvai","8":"product_tag-verke","10":"first","11":"instock","12":"purchasable","13":"product-type-simple"},"jetpack_sharing_enabled":true,"_links":{"self":[{"href":"https:\/\/irankiuzona.lt\/ru\/wp-json\/wp\/v2\/product\/259167","targetHints":{"allow":["GET"]}}],"collection":[{"href":"https:\/\/irankiuzona.lt\/ru\/wp-json\/wp\/v2\/product"}],"about":[{"href":"https:\/\/irankiuzona.lt\/ru\/wp-json\/wp\/v2\/types\/product"}],"replies":[{"embeddable":true,"href":"https:\/\/irankiuzona.lt\/ru\/wp-json\/wp\/v2\/comments?post=259167"}],"version-history":[{"count":1,"href":"https:\/\/irankiuzona.lt\/ru\/wp-json\/wp\/v2\/product\/259167\/revisions"}],"predecessor-version":[{"id":421524,"href":"https:\/\/irankiuzona.lt\/ru\/wp-json\/wp\/v2\/product\/259167\/revisions\/421524"}],"wp:featuredmedia":[{"embeddable":true,"href":"https:\/\/irankiuzona.lt\/ru\/wp-json\/wp\/v2\/media\/259169"}],"wp:attachment":[{"href":"https:\/\/irankiuzona.lt\/ru\/wp-json\/wp\/v2\/media?parent=259167"}],"wp:term":[{"taxonomy":"product_cat","embeddable":true,"href":"https:\/\/irankiuzona.lt\/ru\/wp-json\/wp\/v2\/product_cat?post=259167"},{"taxonomy":"product_tag","embeddable":true,"href":"https:\/\/irankiuzona.lt\/ru\/wp-json\/wp\/v2\/product_tag?post=259167"}],"curies":[{"name":"wp","href":"https:\/\/api.w.org\/{rel}","templated":true}]}}