{"id":259366,"date":"2024-09-29T12:10:22","date_gmt":"2024-09-29T12:10:22","guid":{"rendered":"https:\/\/irankiuzona.lt\/product\/litavimo-pasta-bendram-minkstam-litavimui-skardavimui\/"},"modified":"2026-05-16T11:52:20","modified_gmt":"2026-05-16T11:52:20","slug":"litavimo-pasta-bendram-minkstam-litavimui-skardavimui","status":"publish","type":"product","link":"https:\/\/irankiuzona.lt\/ru\/product\/litavimo-pasta-bendram-minkstam-litavimui-skardavimui\/","title":{"rendered":"Litavimo pasta bendram, mink\u0161tam litavimui, skardavimui"},"content":{"rendered":"<p>bendriems litavimo darbams, pvz. mink\u0161tas litavimas, skardinimasBe \u0161vino, SN97Cu3, DIN EN ISO 9453Srautas pagal DIN EN ISO 9454.1<\/p>","protected":false},"excerpt":{"rendered":"<p>Litavimo pasta bendram, mink\u0161tam litavimui, skardavimui<\/p>","protected":false},"featured_media":259368,"comment_status":"open","ping_status":"open","template":"","meta":[],"product_cat":[9665],"product_tag":[9462],"class_list":{"0":"post-259366","1":"product","2":"type-product","3":"status-publish","4":"has-post-thumbnail","6":"product_brand-condor-werkzeug-vokietija","7":"product_cat-litavimo-irankiai","8":"product_tag-condor-werkzeug-vokietija","10":"first","11":"instock","12":"purchasable","13":"product-type-simple"},"jetpack_sharing_enabled":true,"_links":{"self":[{"href":"https:\/\/irankiuzona.lt\/ru\/wp-json\/wp\/v2\/product\/259366","targetHints":{"allow":["GET"]}}],"collection":[{"href":"https:\/\/irankiuzona.lt\/ru\/wp-json\/wp\/v2\/product"}],"about":[{"href":"https:\/\/irankiuzona.lt\/ru\/wp-json\/wp\/v2\/types\/product"}],"replies":[{"embeddable":true,"href":"https:\/\/irankiuzona.lt\/ru\/wp-json\/wp\/v2\/comments?post=259366"}],"version-history":[{"count":1,"href":"https:\/\/irankiuzona.lt\/ru\/wp-json\/wp\/v2\/product\/259366\/revisions"}],"predecessor-version":[{"id":421590,"href":"https:\/\/irankiuzona.lt\/ru\/wp-json\/wp\/v2\/product\/259366\/revisions\/421590"}],"wp:featuredmedia":[{"embeddable":true,"href":"https:\/\/irankiuzona.lt\/ru\/wp-json\/wp\/v2\/media\/259368"}],"wp:attachment":[{"href":"https:\/\/irankiuzona.lt\/ru\/wp-json\/wp\/v2\/media?parent=259366"}],"wp:term":[{"taxonomy":"product_cat","embeddable":true,"href":"https:\/\/irankiuzona.lt\/ru\/wp-json\/wp\/v2\/product_cat?post=259366"},{"taxonomy":"product_tag","embeddable":true,"href":"https:\/\/irankiuzona.lt\/ru\/wp-json\/wp\/v2\/product_tag?post=259366"}],"curies":[{"name":"wp","href":"https:\/\/api.w.org\/{rel}","templated":true}]}}