{"id":259390,"date":"2024-09-29T12:10:24","date_gmt":"2024-09-29T12:10:24","guid":{"rendered":"https:\/\/irankiuzona.lt\/product\/pjovimo-peiliukas-sk2h-18mm-su-uzrakinimu\/"},"modified":"2026-04-16T19:21:46","modified_gmt":"2026-04-16T19:21:46","slug":"pjovimo-peiliukas-sk2h-18mm-su-uzrakinimu","status":"publish","type":"product","link":"https:\/\/irankiuzona.lt\/ru\/product\/pjovimo-peiliukas-sk2h-18mm-su-uzrakinimu\/","title":{"rendered":"Pjovimo peiliukas SK2H 18mm su u\u017erakinimu"},"content":{"rendered":"<p>. auk\u0161\u010diausios kokyb\u0117s a\u0161menys su ilgesniu tarnavimo laiku ir padidintu atsparumu \u012ftr\u016bkimams ir skilimui,. automatinis a\u0161men\u0173 \u012ftraukimas;. speciali juoda antikorozin\u0117 danga;. automatinis u\u017eraktas, neleid\u017eiantis a\u0161menims savaime susitraukti arba i\u0161sitiesti naudojimo metu;. ergonomi\u0161kas korpusas pagamintas i\u0161 ABS plastiko<\/p>","protected":false},"excerpt":{"rendered":"<p>Pjovimo peiliukas SK2H 18mm su u\u017erakinimu<\/p>","protected":false},"featured_media":259392,"comment_status":"open","ping_status":"open","template":"","meta":[],"product_cat":[9736],"product_tag":[9969],"class_list":{"0":"post-259390","1":"product","2":"type-product","3":"status-publish","4":"has-post-thumbnail","6":"product_brand-hogert-technik-vokietija","7":"product_cat-peiliukai-tapetams-geleztes-peiliai","8":"product_tag-hogert-technik-vokietija","10":"first","11":"instock","12":"purchasable","13":"product-type-simple"},"jetpack_sharing_enabled":true,"_links":{"self":[{"href":"https:\/\/irankiuzona.lt\/ru\/wp-json\/wp\/v2\/product\/259390","targetHints":{"allow":["GET"]}}],"collection":[{"href":"https:\/\/irankiuzona.lt\/ru\/wp-json\/wp\/v2\/product"}],"about":[{"href":"https:\/\/irankiuzona.lt\/ru\/wp-json\/wp\/v2\/types\/product"}],"replies":[{"embeddable":true,"href":"https:\/\/irankiuzona.lt\/ru\/wp-json\/wp\/v2\/comments?post=259390"}],"version-history":[{"count":1,"href":"https:\/\/irankiuzona.lt\/ru\/wp-json\/wp\/v2\/product\/259390\/revisions"}],"predecessor-version":[{"id":421598,"href":"https:\/\/irankiuzona.lt\/ru\/wp-json\/wp\/v2\/product\/259390\/revisions\/421598"}],"wp:featuredmedia":[{"embeddable":true,"href":"https:\/\/irankiuzona.lt\/ru\/wp-json\/wp\/v2\/media\/259392"}],"wp:attachment":[{"href":"https:\/\/irankiuzona.lt\/ru\/wp-json\/wp\/v2\/media?parent=259390"}],"wp:term":[{"taxonomy":"product_cat","embeddable":true,"href":"https:\/\/irankiuzona.lt\/ru\/wp-json\/wp\/v2\/product_cat?post=259390"},{"taxonomy":"product_tag","embeddable":true,"href":"https:\/\/irankiuzona.lt\/ru\/wp-json\/wp\/v2\/product_tag?post=259390"}],"curies":[{"name":"wp","href":"https:\/\/api.w.org\/{rel}","templated":true}]}}