{"id":259393,"date":"2024-09-29T12:10:24","date_gmt":"2024-09-29T12:10:24","guid":{"rendered":"https:\/\/irankiuzona.lt\/product\/litavimo-skystis-250-ml-buteliukas\/"},"modified":"2026-05-16T08:04:59","modified_gmt":"2026-05-16T08:04:59","slug":"litavimo-skystis-250-ml-buteliukas","status":"publish","type":"product","link":"https:\/\/irankiuzona.lt\/ru\/product\/litavimo-skystis-250-ml-buteliukas\/","title":{"rendered":"Litavimo skystis, 250 ml buteliukas"},"content":{"rendered":"<p>Fliusas, skirtas bendriems metalini\u0173 pavir\u0161i\u0173, i\u0161skyrus aliumin\u012f ir ner\u016bdijant\u012f plien\u0105, litavimo darbamsDIN EN ISO 9454<\/p>","protected":false},"excerpt":{"rendered":"<p>Litavimo skystis, 250 ml buteliukas<\/p>","protected":false},"featured_media":259395,"comment_status":"open","ping_status":"open","template":"","meta":[],"product_cat":[9665],"product_tag":[9462],"class_list":{"0":"post-259393","1":"product","2":"type-product","3":"status-publish","4":"has-post-thumbnail","6":"product_brand-condor-werkzeug-vokietija","7":"product_cat-litavimo-irankiai","8":"product_tag-condor-werkzeug-vokietija","10":"first","11":"instock","12":"purchasable","13":"product-type-simple"},"jetpack_sharing_enabled":true,"_links":{"self":[{"href":"https:\/\/irankiuzona.lt\/ru\/wp-json\/wp\/v2\/product\/259393","targetHints":{"allow":["GET"]}}],"collection":[{"href":"https:\/\/irankiuzona.lt\/ru\/wp-json\/wp\/v2\/product"}],"about":[{"href":"https:\/\/irankiuzona.lt\/ru\/wp-json\/wp\/v2\/types\/product"}],"replies":[{"embeddable":true,"href":"https:\/\/irankiuzona.lt\/ru\/wp-json\/wp\/v2\/comments?post=259393"}],"version-history":[{"count":1,"href":"https:\/\/irankiuzona.lt\/ru\/wp-json\/wp\/v2\/product\/259393\/revisions"}],"predecessor-version":[{"id":421599,"href":"https:\/\/irankiuzona.lt\/ru\/wp-json\/wp\/v2\/product\/259393\/revisions\/421599"}],"wp:featuredmedia":[{"embeddable":true,"href":"https:\/\/irankiuzona.lt\/ru\/wp-json\/wp\/v2\/media\/259395"}],"wp:attachment":[{"href":"https:\/\/irankiuzona.lt\/ru\/wp-json\/wp\/v2\/media?parent=259393"}],"wp:term":[{"taxonomy":"product_cat","embeddable":true,"href":"https:\/\/irankiuzona.lt\/ru\/wp-json\/wp\/v2\/product_cat?post=259393"},{"taxonomy":"product_tag","embeddable":true,"href":"https:\/\/irankiuzona.lt\/ru\/wp-json\/wp\/v2\/product_tag?post=259393"}],"curies":[{"name":"wp","href":"https:\/\/api.w.org\/{rel}","templated":true}]}}