{"id":259414,"date":"2024-09-29T12:10:26","date_gmt":"2024-09-29T12:10:26","guid":{"rendered":"https:\/\/irankiuzona.lt\/product\/rulete-5m19mm-mid-sertifikatas-hoegert\/"},"modified":"2026-04-21T19:54:21","modified_gmt":"2026-04-21T19:54:21","slug":"rulete-5m19mm-mid-sertifikatas-hoegert","status":"publish","type":"product","link":"https:\/\/irankiuzona.lt\/ru\/product\/rulete-5m19mm-mid-sertifikatas-hoegert\/","title":{"rendered":"Rulet\u0117 5m*19mm MID sertifikatas HOEGERT"},"content":{"rendered":"<p>\u201eHoegert Technik\u201c yra modernus ir dinami\u0161kai besivystantis profesionali\u0173 rankini\u0173 \u012franki\u0173 gamintojas. M\u016bs\u0173 produktai buvo sukurti intensyviam naudojimui ypatingai reikliems klientams. Hoegert Technik &#8211; patikimumas ir ilgaam\u017ei\u0161kumas. Techninis apra\u0161ymas: Universali plienin\u0117 rulet\u0117, pagaminta pagal ES Matavimo prietais\u0173 direktyv\u0105 (MID). Technin\u0117 charakteristika: &#8211; II klas\u0117s tikslumas; &#8211; nailonin\u0117 rulet\u0117s danga u\u017etikrina tvirtum\u0105 ir atsparum\u0105 nusitrynimui;fiksatorius, laikantis rulet\u0119 i\u0161tiest\u0105 reikiamame ilgyje; &#8211; dvigubas rulet\u0117s fiksatorius;neslystanti korpuso danga \u2013 rulet\u0119 patogu suimti; &#8211; lanksti plienin\u0117 juosta su ai\u0161kia skale; automatinis juostos sugr\u012f\u017eimas; &#8211; ergonomi\u0161ka ir lengva; &#8211; prisegimas prie dir\u017eo.<\/p>","protected":false},"excerpt":{"rendered":"<p>Rulet\u0117 5m*19mm MID sertifikatas HOEGERT\u00a0<\/p>","protected":false},"featured_media":259416,"comment_status":"open","ping_status":"open","template":"","meta":[],"product_cat":[9849],"product_tag":[9969],"class_list":{"0":"post-259414","1":"product","2":"type-product","3":"status-publish","4":"has-post-thumbnail","6":"product_brand-hogert-technik-vokietija","7":"product_cat-ruletes","8":"product_tag-hogert-technik-vokietija","10":"first","11":"instock","12":"purchasable","13":"product-type-simple"},"jetpack_sharing_enabled":true,"_links":{"self":[{"href":"https:\/\/irankiuzona.lt\/ru\/wp-json\/wp\/v2\/product\/259414","targetHints":{"allow":["GET"]}}],"collection":[{"href":"https:\/\/irankiuzona.lt\/ru\/wp-json\/wp\/v2\/product"}],"about":[{"href":"https:\/\/irankiuzona.lt\/ru\/wp-json\/wp\/v2\/types\/product"}],"replies":[{"embeddable":true,"href":"https:\/\/irankiuzona.lt\/ru\/wp-json\/wp\/v2\/comments?post=259414"}],"version-history":[{"count":1,"href":"https:\/\/irankiuzona.lt\/ru\/wp-json\/wp\/v2\/product\/259414\/revisions"}],"predecessor-version":[{"id":421606,"href":"https:\/\/irankiuzona.lt\/ru\/wp-json\/wp\/v2\/product\/259414\/revisions\/421606"}],"wp:featuredmedia":[{"embeddable":true,"href":"https:\/\/irankiuzona.lt\/ru\/wp-json\/wp\/v2\/media\/259416"}],"wp:attachment":[{"href":"https:\/\/irankiuzona.lt\/ru\/wp-json\/wp\/v2\/media?parent=259414"}],"wp:term":[{"taxonomy":"product_cat","embeddable":true,"href":"https:\/\/irankiuzona.lt\/ru\/wp-json\/wp\/v2\/product_cat?post=259414"},{"taxonomy":"product_tag","embeddable":true,"href":"https:\/\/irankiuzona.lt\/ru\/wp-json\/wp\/v2\/product_tag?post=259414"}],"curies":[{"name":"wp","href":"https:\/\/api.w.org\/{rel}","templated":true}]}}