{"id":259549,"date":"2024-09-29T12:10:41","date_gmt":"2024-09-29T12:10:41","guid":{"rendered":"https:\/\/irankiuzona.lt\/product\/lenktu-terksliniu-e-profil-raktu-komplektas-e6-e24\/"},"modified":"2026-05-14T17:13:19","modified_gmt":"2026-05-14T17:13:19","slug":"lenktu-terksliniu-e-profil-raktu-komplektas-e6-e24","status":"publish","type":"product","link":"https:\/\/irankiuzona.lt\/ru\/product\/lenktu-terksliniu-e-profil-raktu-komplektas-e6-e24\/","title":{"rendered":"Lenkt\u0173 terk\u0161lini\u0173 E-profil rakt\u0173 komplektas E6-E24"},"content":{"rendered":"<p>Komplekte:\u00a0E6 x E7 \/ E8 x E10 \/ E11 x E12 \/ E14 x E16 \/ E18 x E20 \/ E22 x E24.<\/p>","protected":false},"excerpt":{"rendered":"<p>Terk\u0161lini\u0173 TORX E-profil rakt\u0173 komplektas palenktu galu \/ E6-E24 \/ 6 dali\u0173<\/p>","protected":false},"featured_media":259551,"comment_status":"open","ping_status":"open","template":"","meta":[],"product_cat":[9592],"product_tag":[9778],"class_list":{"0":"post-259549","1":"product","2":"type-product","3":"status-publish","4":"has-post-thumbnail","6":"product_brand-triumf-professional-tools-slovakija","7":"product_cat-e-profilio-raktai-ju-komplektai","8":"product_tag-triumf-professional-tools-slovakija","10":"first","11":"instock","12":"purchasable","13":"product-type-simple"},"jetpack_sharing_enabled":true,"_links":{"self":[{"href":"https:\/\/irankiuzona.lt\/ru\/wp-json\/wp\/v2\/product\/259549","targetHints":{"allow":["GET"]}}],"collection":[{"href":"https:\/\/irankiuzona.lt\/ru\/wp-json\/wp\/v2\/product"}],"about":[{"href":"https:\/\/irankiuzona.lt\/ru\/wp-json\/wp\/v2\/types\/product"}],"replies":[{"embeddable":true,"href":"https:\/\/irankiuzona.lt\/ru\/wp-json\/wp\/v2\/comments?post=259549"}],"version-history":[{"count":1,"href":"https:\/\/irankiuzona.lt\/ru\/wp-json\/wp\/v2\/product\/259549\/revisions"}],"predecessor-version":[{"id":421650,"href":"https:\/\/irankiuzona.lt\/ru\/wp-json\/wp\/v2\/product\/259549\/revisions\/421650"}],"wp:featuredmedia":[{"embeddable":true,"href":"https:\/\/irankiuzona.lt\/ru\/wp-json\/wp\/v2\/media\/259551"}],"wp:attachment":[{"href":"https:\/\/irankiuzona.lt\/ru\/wp-json\/wp\/v2\/media?parent=259549"}],"wp:term":[{"taxonomy":"product_cat","embeddable":true,"href":"https:\/\/irankiuzona.lt\/ru\/wp-json\/wp\/v2\/product_cat?post=259549"},{"taxonomy":"product_tag","embeddable":true,"href":"https:\/\/irankiuzona.lt\/ru\/wp-json\/wp\/v2\/product_tag?post=259549"}],"curies":[{"name":"wp","href":"https:\/\/api.w.org\/{rel}","templated":true}]}}