{"id":259570,"date":"2024-09-29T12:10:44","date_gmt":"2024-09-29T12:10:44","guid":{"rendered":"https:\/\/irankiuzona.lt\/product\/universalus-dirzas-130cm\/"},"modified":"2026-03-31T20:40:21","modified_gmt":"2026-03-31T20:40:21","slug":"universalus-dirzas-130cm","status":"publish","type":"product","link":"https:\/\/irankiuzona.lt\/ru\/product\/universalus-dirzas-130cm\/","title":{"rendered":"Universalus dir\u017eas 130cm"},"content":{"rendered":"<p>med\u017eiaga: 25% poliesteris, 75% medviln\u0117;<br \/>\nu\u017esegamas 2 metalin\u0117mis, sta\u010diakamp\u0117mis sagtimis, 130cm ilgio.<\/p>","protected":false},"excerpt":{"rendered":"<p>Universalus dir\u017eas 130cm<\/p>","protected":false},"featured_media":259572,"comment_status":"open","ping_status":"open","template":"","meta":[],"product_cat":[9992],"product_tag":[9969],"class_list":{"0":"post-259570","1":"product","2":"type-product","3":"status-publish","4":"has-post-thumbnail","6":"product_brand-hogert-technik-vokietija","7":"product_cat-darbines-kelnes","8":"product_tag-hogert-technik-vokietija","10":"first","11":"outofstock","12":"purchasable","13":"product-type-simple"},"jetpack_sharing_enabled":true,"_links":{"self":[{"href":"https:\/\/irankiuzona.lt\/ru\/wp-json\/wp\/v2\/product\/259570","targetHints":{"allow":["GET"]}}],"collection":[{"href":"https:\/\/irankiuzona.lt\/ru\/wp-json\/wp\/v2\/product"}],"about":[{"href":"https:\/\/irankiuzona.lt\/ru\/wp-json\/wp\/v2\/types\/product"}],"replies":[{"embeddable":true,"href":"https:\/\/irankiuzona.lt\/ru\/wp-json\/wp\/v2\/comments?post=259570"}],"version-history":[{"count":1,"href":"https:\/\/irankiuzona.lt\/ru\/wp-json\/wp\/v2\/product\/259570\/revisions"}],"predecessor-version":[{"id":421657,"href":"https:\/\/irankiuzona.lt\/ru\/wp-json\/wp\/v2\/product\/259570\/revisions\/421657"}],"wp:featuredmedia":[{"embeddable":true,"href":"https:\/\/irankiuzona.lt\/ru\/wp-json\/wp\/v2\/media\/259572"}],"wp:attachment":[{"href":"https:\/\/irankiuzona.lt\/ru\/wp-json\/wp\/v2\/media?parent=259570"}],"wp:term":[{"taxonomy":"product_cat","embeddable":true,"href":"https:\/\/irankiuzona.lt\/ru\/wp-json\/wp\/v2\/product_cat?post=259570"},{"taxonomy":"product_tag","embeddable":true,"href":"https:\/\/irankiuzona.lt\/ru\/wp-json\/wp\/v2\/product_tag?post=259570"}],"curies":[{"name":"wp","href":"https:\/\/api.w.org\/{rel}","templated":true}]}}