{"id":259573,"date":"2024-09-29T12:10:44","date_gmt":"2024-09-29T12:10:44","guid":{"rendered":"https:\/\/irankiuzona.lt\/product\/slifavimo-popierius-125mm-su-skylutem-5vnt-gr-120\/"},"modified":"2026-04-21T00:30:23","modified_gmt":"2026-04-21T00:30:23","slug":"slifavimo-popierius-125mm-su-skylutem-5vnt-gr-120","status":"publish","type":"product","link":"https:\/\/irankiuzona.lt\/ru\/product\/slifavimo-popierius-125mm-su-skylutem-5vnt-gr-120\/","title":{"rendered":"\u0160lifavimo popierius 125mm su skylut\u0117m 5vnt. Gr.120"},"content":{"rendered":"<p>5 vnt. pakelyje. su 8 skyl\u0117m.<\/p>","protected":false},"excerpt":{"rendered":"<p>\u0160lifavimo popierius 125mm su skylut\u0117m 5vnt. Gr.120<\/p>","protected":false},"featured_media":259575,"comment_status":"open","ping_status":"open","template":"","meta":[],"product_cat":[9645],"product_tag":[9969],"class_list":{"0":"post-259573","1":"product","2":"type-product","3":"status-publish","4":"has-post-thumbnail","6":"product_brand-hogert-technik-vokietija","7":"product_cat-slifavimo-popierius","8":"product_tag-hogert-technik-vokietija","10":"first","11":"instock","12":"purchasable","13":"product-type-simple"},"jetpack_sharing_enabled":true,"_links":{"self":[{"href":"https:\/\/irankiuzona.lt\/ru\/wp-json\/wp\/v2\/product\/259573","targetHints":{"allow":["GET"]}}],"collection":[{"href":"https:\/\/irankiuzona.lt\/ru\/wp-json\/wp\/v2\/product"}],"about":[{"href":"https:\/\/irankiuzona.lt\/ru\/wp-json\/wp\/v2\/types\/product"}],"replies":[{"embeddable":true,"href":"https:\/\/irankiuzona.lt\/ru\/wp-json\/wp\/v2\/comments?post=259573"}],"version-history":[{"count":1,"href":"https:\/\/irankiuzona.lt\/ru\/wp-json\/wp\/v2\/product\/259573\/revisions"}],"predecessor-version":[{"id":421658,"href":"https:\/\/irankiuzona.lt\/ru\/wp-json\/wp\/v2\/product\/259573\/revisions\/421658"}],"wp:featuredmedia":[{"embeddable":true,"href":"https:\/\/irankiuzona.lt\/ru\/wp-json\/wp\/v2\/media\/259575"}],"wp:attachment":[{"href":"https:\/\/irankiuzona.lt\/ru\/wp-json\/wp\/v2\/media?parent=259573"}],"wp:term":[{"taxonomy":"product_cat","embeddable":true,"href":"https:\/\/irankiuzona.lt\/ru\/wp-json\/wp\/v2\/product_cat?post=259573"},{"taxonomy":"product_tag","embeddable":true,"href":"https:\/\/irankiuzona.lt\/ru\/wp-json\/wp\/v2\/product_tag?post=259573"}],"curies":[{"name":"wp","href":"https:\/\/api.w.org\/{rel}","templated":true}]}}