{"id":259582,"date":"2024-09-29T12:10:45","date_gmt":"2024-09-29T12:10:45","guid":{"rendered":"https:\/\/irankiuzona.lt\/product\/darbines-apsaugines-pirstines-11-dydzio\/"},"modified":"2026-05-14T10:19:26","modified_gmt":"2026-05-14T10:19:26","slug":"darbines-apsaugines-pirstines-11-dydzio","status":"publish","type":"product","link":"https:\/\/irankiuzona.lt\/ru\/product\/darbines-apsaugines-pirstines-11-dydzio\/","title":{"rendered":"Darbin\u0117s apsaugin\u0117s pir\u0161tin\u0117s 11 dyd\u017eio"},"content":{"rendered":"<p>didelis atsparumas dilimui;sutvirtinimo sritys ir dvigubos si\u016bl\u0117s;kieti rankogaliai;vidinis pamu\u0161alas d\u0117v\u0117jimo patogumui;puikus sukibimas ir lyt\u0117jimo jausmas.<\/p>","protected":false},"excerpt":{"rendered":"<p>Darbin\u0117s apsaugin\u0117s pir\u0161tin\u0117s 11 dyd\u017eio<\/p>","protected":false},"featured_media":259584,"comment_status":"open","ping_status":"open","template":"","meta":[],"product_cat":[9928],"product_tag":[9969],"class_list":{"0":"post-259582","1":"product","2":"type-product","3":"status-publish","4":"has-post-thumbnail","6":"product_brand-hogert-technik-vokietija","7":"product_cat-odines-darbo-pirstines","8":"product_tag-hogert-technik-vokietija","10":"first","11":"outofstock","12":"purchasable","13":"product-type-simple"},"jetpack_sharing_enabled":true,"_links":{"self":[{"href":"https:\/\/irankiuzona.lt\/ru\/wp-json\/wp\/v2\/product\/259582","targetHints":{"allow":["GET"]}}],"collection":[{"href":"https:\/\/irankiuzona.lt\/ru\/wp-json\/wp\/v2\/product"}],"about":[{"href":"https:\/\/irankiuzona.lt\/ru\/wp-json\/wp\/v2\/types\/product"}],"replies":[{"embeddable":true,"href":"https:\/\/irankiuzona.lt\/ru\/wp-json\/wp\/v2\/comments?post=259582"}],"version-history":[{"count":1,"href":"https:\/\/irankiuzona.lt\/ru\/wp-json\/wp\/v2\/product\/259582\/revisions"}],"predecessor-version":[{"id":421661,"href":"https:\/\/irankiuzona.lt\/ru\/wp-json\/wp\/v2\/product\/259582\/revisions\/421661"}],"wp:featuredmedia":[{"embeddable":true,"href":"https:\/\/irankiuzona.lt\/ru\/wp-json\/wp\/v2\/media\/259584"}],"wp:attachment":[{"href":"https:\/\/irankiuzona.lt\/ru\/wp-json\/wp\/v2\/media?parent=259582"}],"wp:term":[{"taxonomy":"product_cat","embeddable":true,"href":"https:\/\/irankiuzona.lt\/ru\/wp-json\/wp\/v2\/product_cat?post=259582"},{"taxonomy":"product_tag","embeddable":true,"href":"https:\/\/irankiuzona.lt\/ru\/wp-json\/wp\/v2\/product_tag?post=259582"}],"curies":[{"name":"wp","href":"https:\/\/api.w.org\/{rel}","templated":true}]}}