{"id":259590,"date":"2024-09-29T12:10:46","date_gmt":"2024-09-29T12:10:46","guid":{"rendered":"https:\/\/irankiuzona.lt\/product\/zarna-vandeniui-30m-2\/"},"modified":"2026-05-14T03:13:52","modified_gmt":"2026-05-14T03:13:52","slug":"zarna-vandeniui-30m-2","status":"publish","type":"product","link":"https:\/\/irankiuzona.lt\/ru\/product\/zarna-vandeniui-30m-2\/","title":{"rendered":"\u017darna vandeniui  30m 2&#8221;"},"content":{"rendered":"<p>Diametras: 50 mm (+1,5mm -0,5mm)Ilgis: 30mSujungimo galvut\u0117s: n\u0117raDarbinis sl\u0117gis 1,5 MPaMinimalus ply\u0161imo sl\u0117gis: 5,1 MPaDarbin\u0117 temperat\u016bra: -30\u00baC +80\u00baC<\/p>","protected":false},"excerpt":{"rendered":"<p>\u017darna vandeniui\u00a0 30m 2&#8221;<\/p>","protected":false},"featured_media":259592,"comment_status":"open","ping_status":"open","template":"","meta":[],"product_cat":[9944],"product_tag":[9435],"class_list":{"0":"post-259590","1":"product","2":"type-product","3":"status-publish","4":"has-post-thumbnail","6":"product_brand-kinija","7":"product_cat-sodo-darzo-irankiai","8":"product_tag-kinija","10":"first","11":"outofstock","12":"purchasable","13":"product-type-simple"},"jetpack_sharing_enabled":true,"_links":{"self":[{"href":"https:\/\/irankiuzona.lt\/ru\/wp-json\/wp\/v2\/product\/259590","targetHints":{"allow":["GET"]}}],"collection":[{"href":"https:\/\/irankiuzona.lt\/ru\/wp-json\/wp\/v2\/product"}],"about":[{"href":"https:\/\/irankiuzona.lt\/ru\/wp-json\/wp\/v2\/types\/product"}],"replies":[{"embeddable":true,"href":"https:\/\/irankiuzona.lt\/ru\/wp-json\/wp\/v2\/comments?post=259590"}],"version-history":[{"count":1,"href":"https:\/\/irankiuzona.lt\/ru\/wp-json\/wp\/v2\/product\/259590\/revisions"}],"predecessor-version":[{"id":421664,"href":"https:\/\/irankiuzona.lt\/ru\/wp-json\/wp\/v2\/product\/259590\/revisions\/421664"}],"wp:featuredmedia":[{"embeddable":true,"href":"https:\/\/irankiuzona.lt\/ru\/wp-json\/wp\/v2\/media\/259592"}],"wp:attachment":[{"href":"https:\/\/irankiuzona.lt\/ru\/wp-json\/wp\/v2\/media?parent=259590"}],"wp:term":[{"taxonomy":"product_cat","embeddable":true,"href":"https:\/\/irankiuzona.lt\/ru\/wp-json\/wp\/v2\/product_cat?post=259590"},{"taxonomy":"product_tag","embeddable":true,"href":"https:\/\/irankiuzona.lt\/ru\/wp-json\/wp\/v2\/product_tag?post=259590"}],"curies":[{"name":"wp","href":"https:\/\/api.w.org\/{rel}","templated":true}]}}