{"id":259593,"date":"2024-09-29T12:10:46","date_gmt":"2024-09-29T12:10:46","guid":{"rendered":"https:\/\/irankiuzona.lt\/product\/universalus-hidraulinis-ivoriu-presavimo-komplektas\/"},"modified":"2026-03-03T13:25:22","modified_gmt":"2026-03-03T13:25:22","slug":"universalus-hidraulinis-ivoriu-presavimo-komplektas","status":"publish","type":"product","link":"https:\/\/irankiuzona.lt\/ru\/product\/universalus-hidraulinis-ivoriu-presavimo-komplektas\/","title":{"rendered":"Universalus hidraulinis \u012fvori\u0173 presavimo komplektas"},"content":{"rendered":"<p>Tinkamas daugumai europieti\u0161k\u0173 ir japoni\u0161k\u0173 automobili\u0173Greitam ir saugiam \u012fvori\u0173, guoli\u0173 ir tarpini\u0173 keitimui1 vnt. Hidraulinis cilindras 18.2 t su kiauryme4 vnt. A\u0161is22 vnt. 110 mm prailgintos movos22 vnt. 40 mm prailgintos movos<br \/>\nCilindro galia 18.2 tEiga 45 mmI\u0161orinis \u00d8 80 mmVidinis \u00d8 65 mmCilindro svoris 11 kg<\/p>","protected":false},"excerpt":{"rendered":"<p>Hidraulinis \u012frankis guoli\u0173, sailentblok\u0173, \u012fvori\u0173 presavimui su adapteriais (hidrauliniu cilindru)<\/p>","protected":false},"featured_media":259595,"comment_status":"open","ping_status":"open","template":"","meta":[],"product_cat":[9731],"product_tag":[9932],"class_list":{"0":"post-259593","1":"product","2":"type-product","3":"status-publish","4":"has-post-thumbnail","6":"product_brand-taivanis-taiwan","7":"product_cat-guoliu-sailentbloku-presavimo-irankiai","8":"product_tag-taivanis-taiwan","10":"first","11":"outofstock","12":"purchasable","13":"product-type-simple"},"jetpack_sharing_enabled":true,"_links":{"self":[{"href":"https:\/\/irankiuzona.lt\/ru\/wp-json\/wp\/v2\/product\/259593","targetHints":{"allow":["GET"]}}],"collection":[{"href":"https:\/\/irankiuzona.lt\/ru\/wp-json\/wp\/v2\/product"}],"about":[{"href":"https:\/\/irankiuzona.lt\/ru\/wp-json\/wp\/v2\/types\/product"}],"replies":[{"embeddable":true,"href":"https:\/\/irankiuzona.lt\/ru\/wp-json\/wp\/v2\/comments?post=259593"}],"version-history":[{"count":1,"href":"https:\/\/irankiuzona.lt\/ru\/wp-json\/wp\/v2\/product\/259593\/revisions"}],"predecessor-version":[{"id":421665,"href":"https:\/\/irankiuzona.lt\/ru\/wp-json\/wp\/v2\/product\/259593\/revisions\/421665"}],"wp:featuredmedia":[{"embeddable":true,"href":"https:\/\/irankiuzona.lt\/ru\/wp-json\/wp\/v2\/media\/259595"}],"wp:attachment":[{"href":"https:\/\/irankiuzona.lt\/ru\/wp-json\/wp\/v2\/media?parent=259593"}],"wp:term":[{"taxonomy":"product_cat","embeddable":true,"href":"https:\/\/irankiuzona.lt\/ru\/wp-json\/wp\/v2\/product_cat?post=259593"},{"taxonomy":"product_tag","embeddable":true,"href":"https:\/\/irankiuzona.lt\/ru\/wp-json\/wp\/v2\/product_tag?post=259593"}],"curies":[{"name":"wp","href":"https:\/\/api.w.org\/{rel}","templated":true}]}}