{"id":259623,"date":"2024-09-29T12:10:50","date_gmt":"2024-09-29T12:10:50","guid":{"rendered":"https:\/\/irankiuzona.lt\/product\/hidraulinio-preso-adapteriai-presavimui-6vnt\/"},"modified":"2026-05-15T01:48:27","modified_gmt":"2026-05-15T01:48:27","slug":"hidraulinio-preso-adapteriai-presavimui-6vnt","status":"publish","type":"product","link":"https:\/\/irankiuzona.lt\/ru\/product\/hidraulinio-preso-adapteriai-presavimui-6vnt\/","title":{"rendered":"Hidraulinio preso adapteriai presavimui 6vnt"},"content":{"rendered":"<p>Rinkin\u012f sudaro \u0161e\u0161i \u012fprasti priedai, naudojami \u012fvairiose spaudos sritysePagaminta i\u0161 auk\u0161tos kokyb\u0117s med\u017eiag\u0173, u\u017etikrinan\u010di\u0173 ilgalaik\u012f ir patvar\u0173 veikim\u0105.<br \/>\nApima: 1\/2 colio, 1 colio ir 2 coli\u0173 sm\u016bgius; 2 plienin\u0117s preso plok\u0161tes 14 x 3 x 1 colio ir 1 guolio skyd\u0105<\/p>","protected":false},"excerpt":{"rendered":"<p>Hidraulinio preso adapteriai presavimui 6vnt<\/p>","protected":false},"featured_media":259625,"comment_status":"open","ping_status":"open","template":"","meta":[],"product_cat":[9946],"product_tag":[9435],"class_list":{"0":"post-259623","1":"product","2":"type-product","3":"status-publish","4":"has-post-thumbnail","6":"product_brand-kinija","7":"product_cat-hidrauliniai-presai","8":"product_tag-kinija","10":"first","11":"instock","12":"purchasable","13":"product-type-simple"},"jetpack_sharing_enabled":true,"_links":{"self":[{"href":"https:\/\/irankiuzona.lt\/ru\/wp-json\/wp\/v2\/product\/259623","targetHints":{"allow":["GET"]}}],"collection":[{"href":"https:\/\/irankiuzona.lt\/ru\/wp-json\/wp\/v2\/product"}],"about":[{"href":"https:\/\/irankiuzona.lt\/ru\/wp-json\/wp\/v2\/types\/product"}],"replies":[{"embeddable":true,"href":"https:\/\/irankiuzona.lt\/ru\/wp-json\/wp\/v2\/comments?post=259623"}],"version-history":[{"count":1,"href":"https:\/\/irankiuzona.lt\/ru\/wp-json\/wp\/v2\/product\/259623\/revisions"}],"predecessor-version":[{"id":421675,"href":"https:\/\/irankiuzona.lt\/ru\/wp-json\/wp\/v2\/product\/259623\/revisions\/421675"}],"wp:featuredmedia":[{"embeddable":true,"href":"https:\/\/irankiuzona.lt\/ru\/wp-json\/wp\/v2\/media\/259625"}],"wp:attachment":[{"href":"https:\/\/irankiuzona.lt\/ru\/wp-json\/wp\/v2\/media?parent=259623"}],"wp:term":[{"taxonomy":"product_cat","embeddable":true,"href":"https:\/\/irankiuzona.lt\/ru\/wp-json\/wp\/v2\/product_cat?post=259623"},{"taxonomy":"product_tag","embeddable":true,"href":"https:\/\/irankiuzona.lt\/ru\/wp-json\/wp\/v2\/product_tag?post=259623"}],"curies":[{"name":"wp","href":"https:\/\/api.w.org\/{rel}","templated":true}]}}