{"id":259629,"date":"2024-09-29T12:10:50","date_gmt":"2024-09-29T12:10:50","guid":{"rendered":"https:\/\/irankiuzona.lt\/product\/galvute-sesiakampe-3-4-17mm-trumpa\/"},"modified":"2025-04-23T18:50:28","modified_gmt":"2025-04-23T18:50:28","slug":"galvute-sesiakampe-3-4-17mm-trumpa","status":"publish","type":"product","link":"https:\/\/irankiuzona.lt\/ru\/product\/galvute-sesiakampe-3-4-17mm-trumpa\/","title":{"rendered":"Galvut\u0117 \u0161e\u0161iakamp\u0117 3\/4 17mm trumpa"},"content":{"rendered":"","protected":false},"excerpt":{"rendered":"<p>Galvut\u0117 \u0161e\u0161iakamp\u0117 3\/4 17mm trumpa<\/p>","protected":false},"featured_media":259631,"comment_status":"open","ping_status":"open","template":"","meta":[],"product_cat":[9522],"product_tag":[],"class_list":{"0":"post-259629","1":"product","2":"type-product","3":"status-publish","4":"has-post-thumbnail","6":"product_cat-3-4-20-mm-sesiakampes-galvutes","8":"first","9":"outofstock","10":"purchasable","11":"product-type-simple"},"jetpack_sharing_enabled":true,"_links":{"self":[{"href":"https:\/\/irankiuzona.lt\/ru\/wp-json\/wp\/v2\/product\/259629","targetHints":{"allow":["GET"]}}],"collection":[{"href":"https:\/\/irankiuzona.lt\/ru\/wp-json\/wp\/v2\/product"}],"about":[{"href":"https:\/\/irankiuzona.lt\/ru\/wp-json\/wp\/v2\/types\/product"}],"replies":[{"embeddable":true,"href":"https:\/\/irankiuzona.lt\/ru\/wp-json\/wp\/v2\/comments?post=259629"}],"version-history":[{"count":0,"href":"https:\/\/irankiuzona.lt\/ru\/wp-json\/wp\/v2\/product\/259629\/revisions"}],"wp:featuredmedia":[{"embeddable":true,"href":"https:\/\/irankiuzona.lt\/ru\/wp-json\/wp\/v2\/media\/259631"}],"wp:attachment":[{"href":"https:\/\/irankiuzona.lt\/ru\/wp-json\/wp\/v2\/media?parent=259629"}],"wp:term":[{"taxonomy":"product_cat","embeddable":true,"href":"https:\/\/irankiuzona.lt\/ru\/wp-json\/wp\/v2\/product_cat?post=259629"},{"taxonomy":"product_tag","embeddable":true,"href":"https:\/\/irankiuzona.lt\/ru\/wp-json\/wp\/v2\/product_tag?post=259629"}],"curies":[{"name":"wp","href":"https:\/\/api.w.org\/{rel}","templated":true}]}}