{"id":259632,"date":"2024-09-29T12:10:50","date_gmt":"2024-09-29T12:10:50","guid":{"rendered":"https:\/\/irankiuzona.lt\/product\/bmw-galines-asies-sailentbloku-presavimo-kompl\/"},"modified":"2026-04-20T15:09:04","modified_gmt":"2026-04-20T15:09:04","slug":"bmw-galines-asies-sailentbloku-presavimo-kompl","status":"publish","type":"product","link":"https:\/\/irankiuzona.lt\/ru\/product\/bmw-galines-asies-sailentbloku-presavimo-kompl\/","title":{"rendered":"BMW galin\u0117s a\u0161ies sailentblok\u0173 presavimo kompl."},"content":{"rendered":"<p>BMW 5 serijos (E39), 7 serijos (E38)<\/p>","protected":false},"excerpt":{"rendered":"<p>BMW galin\u0117s a\u0161ies sailentblok\u0173 presavimo kompl.<\/p>","protected":false},"featured_media":259634,"comment_status":"open","ping_status":"open","template":"","meta":[],"product_cat":[9731],"product_tag":[9845],"class_list":{"0":"post-259632","1":"product","2":"type-product","3":"status-publish","4":"has-post-thumbnail","6":"product_brand-vokietija-germany","7":"product_cat-guoliu-sailentbloku-presavimo-irankiai","8":"product_tag-vokietija-germany","10":"first","11":"instock","12":"purchasable","13":"product-type-simple"},"jetpack_sharing_enabled":true,"_links":{"self":[{"href":"https:\/\/irankiuzona.lt\/ru\/wp-json\/wp\/v2\/product\/259632","targetHints":{"allow":["GET"]}}],"collection":[{"href":"https:\/\/irankiuzona.lt\/ru\/wp-json\/wp\/v2\/product"}],"about":[{"href":"https:\/\/irankiuzona.lt\/ru\/wp-json\/wp\/v2\/types\/product"}],"replies":[{"embeddable":true,"href":"https:\/\/irankiuzona.lt\/ru\/wp-json\/wp\/v2\/comments?post=259632"}],"version-history":[{"count":1,"href":"https:\/\/irankiuzona.lt\/ru\/wp-json\/wp\/v2\/product\/259632\/revisions"}],"predecessor-version":[{"id":421677,"href":"https:\/\/irankiuzona.lt\/ru\/wp-json\/wp\/v2\/product\/259632\/revisions\/421677"}],"wp:featuredmedia":[{"embeddable":true,"href":"https:\/\/irankiuzona.lt\/ru\/wp-json\/wp\/v2\/media\/259634"}],"wp:attachment":[{"href":"https:\/\/irankiuzona.lt\/ru\/wp-json\/wp\/v2\/media?parent=259632"}],"wp:term":[{"taxonomy":"product_cat","embeddable":true,"href":"https:\/\/irankiuzona.lt\/ru\/wp-json\/wp\/v2\/product_cat?post=259632"},{"taxonomy":"product_tag","embeddable":true,"href":"https:\/\/irankiuzona.lt\/ru\/wp-json\/wp\/v2\/product_tag?post=259632"}],"curies":[{"name":"wp","href":"https:\/\/api.w.org\/{rel}","templated":true}]}}