{"id":259641,"date":"2024-09-29T12:10:51","date_gmt":"2024-09-29T12:10:51","guid":{"rendered":"https:\/\/irankiuzona.lt\/product\/atsuktuvas-hex-h8mm-sesiakampis-200mm-ilgio\/"},"modified":"2026-04-13T17:59:12","modified_gmt":"2026-04-13T17:59:12","slug":"atsuktuvas-hex-h8mm-sesiakampis-200mm-ilgio","status":"publish","type":"product","link":"https:\/\/irankiuzona.lt\/ru\/product\/atsuktuvas-hex-h8mm-sesiakampis-200mm-ilgio\/","title":{"rendered":"Atsuktuvas HEX H8mm \u0161e\u0161iakampis 200mm ilgio"},"content":{"rendered":"","protected":false},"excerpt":{"rendered":"<p>Atsuktuvas HEX H8mm \u0161e\u0161iakampis 200mm ilgio<\/p>","protected":false},"featured_media":259643,"comment_status":"open","ping_status":"open","template":"","meta":[],"product_cat":[9993],"product_tag":[9845],"class_list":{"0":"post-259641","1":"product","2":"type-product","3":"status-publish","4":"has-post-thumbnail","6":"product_brand-vokietija-germany","7":"product_cat-atsuktuvai-elektrikui","8":"product_tag-vokietija-germany","10":"first","11":"outofstock","12":"purchasable","13":"product-type-simple"},"jetpack_sharing_enabled":true,"_links":{"self":[{"href":"https:\/\/irankiuzona.lt\/ru\/wp-json\/wp\/v2\/product\/259641","targetHints":{"allow":["GET"]}}],"collection":[{"href":"https:\/\/irankiuzona.lt\/ru\/wp-json\/wp\/v2\/product"}],"about":[{"href":"https:\/\/irankiuzona.lt\/ru\/wp-json\/wp\/v2\/types\/product"}],"replies":[{"embeddable":true,"href":"https:\/\/irankiuzona.lt\/ru\/wp-json\/wp\/v2\/comments?post=259641"}],"version-history":[{"count":1,"href":"https:\/\/irankiuzona.lt\/ru\/wp-json\/wp\/v2\/product\/259641\/revisions"}],"predecessor-version":[{"id":421680,"href":"https:\/\/irankiuzona.lt\/ru\/wp-json\/wp\/v2\/product\/259641\/revisions\/421680"}],"wp:featuredmedia":[{"embeddable":true,"href":"https:\/\/irankiuzona.lt\/ru\/wp-json\/wp\/v2\/media\/259643"}],"wp:attachment":[{"href":"https:\/\/irankiuzona.lt\/ru\/wp-json\/wp\/v2\/media?parent=259641"}],"wp:term":[{"taxonomy":"product_cat","embeddable":true,"href":"https:\/\/irankiuzona.lt\/ru\/wp-json\/wp\/v2\/product_cat?post=259641"},{"taxonomy":"product_tag","embeddable":true,"href":"https:\/\/irankiuzona.lt\/ru\/wp-json\/wp\/v2\/product_tag?post=259641"}],"curies":[{"name":"wp","href":"https:\/\/api.w.org\/{rel}","templated":true}]}}