{"id":259682,"date":"2024-09-29T12:10:55","date_gmt":"2024-09-29T12:10:55","guid":{"rendered":"https:\/\/irankiuzona.lt\/product\/greiciu-deziu-tepalo-pildymo-talpa-3l-su-adaperiais\/"},"modified":"2026-05-14T17:13:25","modified_gmt":"2026-05-14T17:13:25","slug":"greiciu-deziu-tepalo-pildymo-talpa-3l-su-adaperiais","status":"publish","type":"product","link":"https:\/\/irankiuzona.lt\/ru\/product\/greiciu-deziu-tepalo-pildymo-talpa-3l-su-adaperiais\/","title":{"rendered":"Grei\u010di\u0173 d\u0117\u017ei\u0173 tepalo pildymo talpa 3L su adaperiais"},"content":{"rendered":"<p>ATF-01 \u2013 FORDATF-02 \u2013 BMW, HONDA, NISSANATF-03 \u2013 VWATF-04 \u2013 VW, PORSCHEATF-05 \u2013 VW M10x1.0 , MINI COOPERDSG \u2013 VW, AUDICVT \u2013 AUDI722.9 \u2013 MERCEDES<\/p>","protected":false},"excerpt":{"rendered":"<p>Rankin\u0117 alyvos pildymo\u00a0pompa-siurblys automatin\u0117ms ir mechanin\u0117ms pavar\u0173 d\u0117\u017e\u0117ms, diferencialams ir kitoms pavar\u0173 d\u0117\u017e\u0117ms. Su adapteriais<\/p>","protected":false},"featured_media":259684,"comment_status":"open","ping_status":"open","template":"","meta":[],"product_cat":[10031],"product_tag":[10151],"class_list":{"0":"post-259682","1":"product","2":"type-product","3":"status-publish","4":"has-post-thumbnail","6":"product_brand-lenkija-tiekejas","7":"product_cat-tepalo-uzpildymo-surinkimo-iranga-talpos-tepalams","8":"product_tag-lenkija-tiekejas","10":"first","11":"outofstock","12":"purchasable","13":"product-type-simple"},"jetpack_sharing_enabled":true,"_links":{"self":[{"href":"https:\/\/irankiuzona.lt\/ru\/wp-json\/wp\/v2\/product\/259682","targetHints":{"allow":["GET"]}}],"collection":[{"href":"https:\/\/irankiuzona.lt\/ru\/wp-json\/wp\/v2\/product"}],"about":[{"href":"https:\/\/irankiuzona.lt\/ru\/wp-json\/wp\/v2\/types\/product"}],"replies":[{"embeddable":true,"href":"https:\/\/irankiuzona.lt\/ru\/wp-json\/wp\/v2\/comments?post=259682"}],"version-history":[{"count":1,"href":"https:\/\/irankiuzona.lt\/ru\/wp-json\/wp\/v2\/product\/259682\/revisions"}],"predecessor-version":[{"id":421694,"href":"https:\/\/irankiuzona.lt\/ru\/wp-json\/wp\/v2\/product\/259682\/revisions\/421694"}],"wp:featuredmedia":[{"embeddable":true,"href":"https:\/\/irankiuzona.lt\/ru\/wp-json\/wp\/v2\/media\/259684"}],"wp:attachment":[{"href":"https:\/\/irankiuzona.lt\/ru\/wp-json\/wp\/v2\/media?parent=259682"}],"wp:term":[{"taxonomy":"product_cat","embeddable":true,"href":"https:\/\/irankiuzona.lt\/ru\/wp-json\/wp\/v2\/product_cat?post=259682"},{"taxonomy":"product_tag","embeddable":true,"href":"https:\/\/irankiuzona.lt\/ru\/wp-json\/wp\/v2\/product_tag?post=259682"}],"curies":[{"name":"wp","href":"https:\/\/api.w.org\/{rel}","templated":true}]}}