{"id":259715,"date":"2024-09-29T12:10:59","date_gmt":"2024-09-29T12:10:59","guid":{"rendered":"https:\/\/irankiuzona.lt\/product\/galvutes-dyzelino-ipurskimo-siurbliui-7mm-126mm-3-kampes\/"},"modified":"2026-04-21T16:44:43","modified_gmt":"2026-04-21T16:44:43","slug":"galvutes-dyzelino-ipurskimo-siurbliui-7mm-126mm-3-kampes","status":"publish","type":"product","link":"https:\/\/irankiuzona.lt\/ru\/product\/galvutes-dyzelino-ipurskimo-siurbliui-7mm-126mm-3-kampes\/","title":{"rendered":"Galvut\u0117s dyzelino \u012fpur\u0161kimo siurbliui 7mm\/12,6mm (3-kamp\u0117s)"},"content":{"rendered":"<p>Dyzelinio siurblio reguliavimo galvut\u0117s trikamp\u0117s 7mm ir 12,6mm<\/p>","protected":false},"excerpt":{"rendered":"<p>Galvut\u0117s \u012fpur\u0161kimo siurbliams 3-kamp\u0173, 7mm ir 12.6 mm \/ Bosch Common-Rail \/ TDI<\/p>","protected":false},"featured_media":259717,"comment_status":"open","ping_status":"open","template":"","meta":[],"product_cat":[9825],"product_tag":[9435],"class_list":{"0":"post-259715","1":"product","2":"type-product","3":"status-publish","4":"has-post-thumbnail","6":"product_brand-kinija","7":"product_cat-irankiai-kuro-siurbliui","8":"product_tag-kinija","10":"first","11":"outofstock","12":"purchasable","13":"product-type-simple"},"jetpack_sharing_enabled":true,"_links":{"self":[{"href":"https:\/\/irankiuzona.lt\/ru\/wp-json\/wp\/v2\/product\/259715","targetHints":{"allow":["GET"]}}],"collection":[{"href":"https:\/\/irankiuzona.lt\/ru\/wp-json\/wp\/v2\/product"}],"about":[{"href":"https:\/\/irankiuzona.lt\/ru\/wp-json\/wp\/v2\/types\/product"}],"replies":[{"embeddable":true,"href":"https:\/\/irankiuzona.lt\/ru\/wp-json\/wp\/v2\/comments?post=259715"}],"version-history":[{"count":1,"href":"https:\/\/irankiuzona.lt\/ru\/wp-json\/wp\/v2\/product\/259715\/revisions"}],"predecessor-version":[{"id":421704,"href":"https:\/\/irankiuzona.lt\/ru\/wp-json\/wp\/v2\/product\/259715\/revisions\/421704"}],"wp:featuredmedia":[{"embeddable":true,"href":"https:\/\/irankiuzona.lt\/ru\/wp-json\/wp\/v2\/media\/259717"}],"wp:attachment":[{"href":"https:\/\/irankiuzona.lt\/ru\/wp-json\/wp\/v2\/media?parent=259715"}],"wp:term":[{"taxonomy":"product_cat","embeddable":true,"href":"https:\/\/irankiuzona.lt\/ru\/wp-json\/wp\/v2\/product_cat?post=259715"},{"taxonomy":"product_tag","embeddable":true,"href":"https:\/\/irankiuzona.lt\/ru\/wp-json\/wp\/v2\/product_tag?post=259715"}],"curies":[{"name":"wp","href":"https:\/\/api.w.org\/{rel}","templated":true}]}}