{"id":259838,"date":"2024-09-29T12:20:13","date_gmt":"2024-09-29T12:20:13","guid":{"rendered":"https:\/\/irankiuzona.lt\/product\/sablonas-pasleptiems-sujungimams-6-8-10mm\/"},"modified":"2025-01-28T12:09:34","modified_gmt":"2025-01-28T12:09:34","slug":"sablonas-pasleptiems-sujungimams-6-8-10mm","status":"publish","type":"product","link":"https:\/\/irankiuzona.lt\/ru\/product\/sablonas-pasleptiems-sujungimams-6-8-10mm\/","title":{"rendered":"\u0160ablonas pasl\u0117ptiems sujungimams 6\/8\/10mm"},"content":{"rendered":"<p>Sukurta atlikti tikslias jungtis var\u017etais.Gr\u0119\u017eia skyles 15\u00b0 kampu,Suderinamas su 6, 8 ir 10 mm trinkel\u0117mis,Naudojant ki\u0161tukus, tvirtinimo angos tampa nematomos.Gr\u0119\u017eimo matmenys: 6\/8\/10 mm<\/p>","protected":false},"excerpt":{"rendered":"<p>\u0160ablonas pasl\u0117ptiems sujungimams 6\/8\/10mm<\/p>","protected":false},"featured_media":259840,"comment_status":"open","ping_status":"open","template":"","meta":[],"product_cat":[9847],"product_tag":[9716],"class_list":{"0":"post-259838","1":"product","2":"type-product","3":"status-publish","4":"has-post-thumbnail","6":"product_brand-jufisto-lenkija","7":"product_cat-stovai-laikikliai-grezimo-sablonai","8":"product_tag-jufisto-lenkija","10":"first","11":"instock","12":"purchasable","13":"product-type-simple"},"jetpack_sharing_enabled":true,"_links":{"self":[{"href":"https:\/\/irankiuzona.lt\/ru\/wp-json\/wp\/v2\/product\/259838","targetHints":{"allow":["GET"]}}],"collection":[{"href":"https:\/\/irankiuzona.lt\/ru\/wp-json\/wp\/v2\/product"}],"about":[{"href":"https:\/\/irankiuzona.lt\/ru\/wp-json\/wp\/v2\/types\/product"}],"replies":[{"embeddable":true,"href":"https:\/\/irankiuzona.lt\/ru\/wp-json\/wp\/v2\/comments?post=259838"}],"version-history":[{"count":0,"href":"https:\/\/irankiuzona.lt\/ru\/wp-json\/wp\/v2\/product\/259838\/revisions"}],"wp:featuredmedia":[{"embeddable":true,"href":"https:\/\/irankiuzona.lt\/ru\/wp-json\/wp\/v2\/media\/259840"}],"wp:attachment":[{"href":"https:\/\/irankiuzona.lt\/ru\/wp-json\/wp\/v2\/media?parent=259838"}],"wp:term":[{"taxonomy":"product_cat","embeddable":true,"href":"https:\/\/irankiuzona.lt\/ru\/wp-json\/wp\/v2\/product_cat?post=259838"},{"taxonomy":"product_tag","embeddable":true,"href":"https:\/\/irankiuzona.lt\/ru\/wp-json\/wp\/v2\/product_tag?post=259838"}],"curies":[{"name":"wp","href":"https:\/\/api.w.org\/{rel}","templated":true}]}}