{"id":259922,"date":"2024-09-29T12:20:21","date_gmt":"2024-09-29T12:20:21","guid":{"rendered":"https:\/\/irankiuzona.lt\/product\/refraktometras-antifrizo-matuoklis\/"},"modified":"2026-04-25T11:33:28","modified_gmt":"2026-04-25T11:33:28","slug":"refraktometras-antifrizo-matuoklis","status":"publish","type":"product","link":"https:\/\/irankiuzona.lt\/ru\/product\/refraktometras-antifrizo-matuoklis\/","title":{"rendered":"Refraktometras-antifrizo matuoklis"},"content":{"rendered":"<p>A \u2013\u00a0Antifryzo\u00a0u\u017e\u0161alimo temperat\u016bros skal\u0117, sugraduota \u00baC intervale nuo 0 iki -50 \u00baC<br \/>\nB \u2013 plovimo skys\u010dio u\u017e\u0161alimo ta\u0161ko skal\u0117, sugraduota \u00baC nuo 0 iki -40 \u00baC<\/p>","protected":false},"excerpt":{"rendered":"<p>Refraktometras-antifrizo matuoklis<\/p>","protected":false},"featured_media":259924,"comment_status":"open","ping_status":"closed","template":"","meta":[],"product_cat":[9549],"product_tag":[10130],"class_list":{"0":"post-259922","1":"product","2":"type-product","3":"status-publish","4":"has-post-thumbnail","6":"product_brand-satra-lenkija","7":"product_cat-skysciu-tankio-matuokliai","8":"product_tag-satra-lenkija","10":"first","11":"outofstock","12":"purchasable","13":"product-type-simple"},"jetpack_sharing_enabled":true,"_links":{"self":[{"href":"https:\/\/irankiuzona.lt\/ru\/wp-json\/wp\/v2\/product\/259922","targetHints":{"allow":["GET"]}}],"collection":[{"href":"https:\/\/irankiuzona.lt\/ru\/wp-json\/wp\/v2\/product"}],"about":[{"href":"https:\/\/irankiuzona.lt\/ru\/wp-json\/wp\/v2\/types\/product"}],"replies":[{"embeddable":true,"href":"https:\/\/irankiuzona.lt\/ru\/wp-json\/wp\/v2\/comments?post=259922"}],"version-history":[{"count":1,"href":"https:\/\/irankiuzona.lt\/ru\/wp-json\/wp\/v2\/product\/259922\/revisions"}],"predecessor-version":[{"id":421773,"href":"https:\/\/irankiuzona.lt\/ru\/wp-json\/wp\/v2\/product\/259922\/revisions\/421773"}],"wp:featuredmedia":[{"embeddable":true,"href":"https:\/\/irankiuzona.lt\/ru\/wp-json\/wp\/v2\/media\/259924"}],"wp:attachment":[{"href":"https:\/\/irankiuzona.lt\/ru\/wp-json\/wp\/v2\/media?parent=259922"}],"wp:term":[{"taxonomy":"product_cat","embeddable":true,"href":"https:\/\/irankiuzona.lt\/ru\/wp-json\/wp\/v2\/product_cat?post=259922"},{"taxonomy":"product_tag","embeddable":true,"href":"https:\/\/irankiuzona.lt\/ru\/wp-json\/wp\/v2\/product_tag?post=259922"}],"curies":[{"name":"wp","href":"https:\/\/api.w.org\/{rel}","templated":true}]}}