{"id":260078,"date":"2024-09-29T12:20:38","date_gmt":"2024-09-29T12:20:38","guid":{"rendered":"https:\/\/irankiuzona.lt\/product\/siurblys-dyz-kurui-12v-40w-38mm\/"},"modified":"2026-05-09T13:32:50","modified_gmt":"2026-05-09T13:32:50","slug":"siurblys-dyz-kurui-12v-40w-38mm","status":"publish","type":"product","link":"https:\/\/irankiuzona.lt\/ru\/product\/siurblys-dyz-kurui-12v-40w-38mm\/","title":{"rendered":"Siurblys dyz. kurui 12V 40W 38mm"},"content":{"rendered":"<p>Draud\u017eiama siurbti benzin\u0105, alkohol\u012f ir kitus degius skys\u010dius.<br \/>\nMaitinimas: 12V<br \/>\nGalia: 40w<br \/>\nSrov\u0117s suvartojimas: 3A<br \/>\nVariklio s\u016bkiai: 8500 aps.\/min<br \/>\nTalpa: 12 L \/ min<br \/>\nPakilimo auk\u0161tis: 3 m<br \/>\nSiurblio matmenys: 38 mm<\/p>","protected":false},"excerpt":{"rendered":"<p>Siurblys dyz. kurui 12V 40W 38mm<\/p>","protected":false},"featured_media":260080,"comment_status":"open","ping_status":"open","template":"","meta":[],"product_cat":[9960],"product_tag":[10130],"class_list":{"0":"post-260078","1":"product","2":"type-product","3":"status-publish","4":"has-post-thumbnail","6":"product_brand-satra-lenkija","7":"product_cat-pompos-siurbliai-skysciams","8":"product_tag-satra-lenkija","10":"first","11":"instock","12":"purchasable","13":"product-type-simple"},"jetpack_sharing_enabled":true,"_links":{"self":[{"href":"https:\/\/irankiuzona.lt\/ru\/wp-json\/wp\/v2\/product\/260078","targetHints":{"allow":["GET"]}}],"collection":[{"href":"https:\/\/irankiuzona.lt\/ru\/wp-json\/wp\/v2\/product"}],"about":[{"href":"https:\/\/irankiuzona.lt\/ru\/wp-json\/wp\/v2\/types\/product"}],"replies":[{"embeddable":true,"href":"https:\/\/irankiuzona.lt\/ru\/wp-json\/wp\/v2\/comments?post=260078"}],"version-history":[{"count":1,"href":"https:\/\/irankiuzona.lt\/ru\/wp-json\/wp\/v2\/product\/260078\/revisions"}],"predecessor-version":[{"id":421826,"href":"https:\/\/irankiuzona.lt\/ru\/wp-json\/wp\/v2\/product\/260078\/revisions\/421826"}],"wp:featuredmedia":[{"embeddable":true,"href":"https:\/\/irankiuzona.lt\/ru\/wp-json\/wp\/v2\/media\/260080"}],"wp:attachment":[{"href":"https:\/\/irankiuzona.lt\/ru\/wp-json\/wp\/v2\/media?parent=260078"}],"wp:term":[{"taxonomy":"product_cat","embeddable":true,"href":"https:\/\/irankiuzona.lt\/ru\/wp-json\/wp\/v2\/product_cat?post=260078"},{"taxonomy":"product_tag","embeddable":true,"href":"https:\/\/irankiuzona.lt\/ru\/wp-json\/wp\/v2\/product_tag?post=260078"}],"curies":[{"name":"wp","href":"https:\/\/api.w.org\/{rel}","templated":true}]}}