{"id":260143,"date":"2024-09-29T12:20:44","date_gmt":"2024-09-29T12:20:44","guid":{"rendered":"https:\/\/irankiuzona.lt\/product\/purkstuku-frezos-raiberiai-5daliu\/"},"modified":"2026-04-12T12:18:46","modified_gmt":"2026-04-12T12:18:46","slug":"purkstuku-frezos-raiberiai-5daliu","status":"publish","type":"product","link":"https:\/\/irankiuzona.lt\/ru\/product\/purkstuku-frezos-raiberiai-5daliu\/","title":{"rendered":"Purk\u0161tuk\u0173 frezos &#8211; raiberiai 5dali\u0173"},"content":{"rendered":"<p>\u2022 15&#215;19 mm freza\u00a0<br \/>\n\u2022 17&#215;17 mm freza\u00a0<br \/>\n\u2022 17&#215;19 mm freza\u00a0<br \/>\n\u2022\u00a017&#215;21 mm freza\u00a0<br \/>\n\u2022 Laikiklis<\/p>","protected":false},"excerpt":{"rendered":"<p>Purk\u0161tuk\u0173 frezos &#8211; raiberiai 5dali\u0173<\/p>","protected":false},"featured_media":260145,"comment_status":"open","ping_status":"open","template":"","meta":[],"product_cat":[9698],"product_tag":[10130],"class_list":{"0":"post-260143","1":"product","2":"type-product","3":"status-publish","4":"has-post-thumbnail","6":"product_brand-satra-lenkija","7":"product_cat-frezos-raiberiai-purkstukams","8":"product_tag-satra-lenkija","10":"first","11":"outofstock","12":"purchasable","13":"product-type-simple"},"jetpack_sharing_enabled":true,"_links":{"self":[{"href":"https:\/\/irankiuzona.lt\/ru\/wp-json\/wp\/v2\/product\/260143","targetHints":{"allow":["GET"]}}],"collection":[{"href":"https:\/\/irankiuzona.lt\/ru\/wp-json\/wp\/v2\/product"}],"about":[{"href":"https:\/\/irankiuzona.lt\/ru\/wp-json\/wp\/v2\/types\/product"}],"replies":[{"embeddable":true,"href":"https:\/\/irankiuzona.lt\/ru\/wp-json\/wp\/v2\/comments?post=260143"}],"version-history":[{"count":1,"href":"https:\/\/irankiuzona.lt\/ru\/wp-json\/wp\/v2\/product\/260143\/revisions"}],"predecessor-version":[{"id":421848,"href":"https:\/\/irankiuzona.lt\/ru\/wp-json\/wp\/v2\/product\/260143\/revisions\/421848"}],"wp:featuredmedia":[{"embeddable":true,"href":"https:\/\/irankiuzona.lt\/ru\/wp-json\/wp\/v2\/media\/260145"}],"wp:attachment":[{"href":"https:\/\/irankiuzona.lt\/ru\/wp-json\/wp\/v2\/media?parent=260143"}],"wp:term":[{"taxonomy":"product_cat","embeddable":true,"href":"https:\/\/irankiuzona.lt\/ru\/wp-json\/wp\/v2\/product_cat?post=260143"},{"taxonomy":"product_tag","embeddable":true,"href":"https:\/\/irankiuzona.lt\/ru\/wp-json\/wp\/v2\/product_tag?post=260143"}],"curies":[{"name":"wp","href":"https:\/\/api.w.org\/{rel}","templated":true}]}}