{"id":260161,"date":"2024-09-29T12:20:45","date_gmt":"2024-09-29T12:20:45","guid":{"rendered":"https:\/\/irankiuzona.lt\/product\/variklio-fiksatoriai-vag-1-8-2-0tfsi\/"},"modified":"2026-04-14T14:35:34","modified_gmt":"2026-04-14T14:35:34","slug":"variklio-fiksatoriai-vag-1-8-2-0tfsi","status":"publish","type":"product","link":"https:\/\/irankiuzona.lt\/ru\/product\/variklio-fiksatoriai-vag-1-8-2-0tfsi\/","title":{"rendered":"Variklio fiksatoriai VAG 1.8\/2.0TFSI"},"content":{"rendered":"<p>U\u017eraktai, skirti slankiojan\u010dias skirstomojo veleno dalis laikyti tinkamoje pad\u0117tyje. Naudojamas nuimant \/ montuojant skirstom\u0105j\u012f velen\u0105 dirbant su 1,8 \/ 2,0 l TFSi 4 vo\u017etuv\u0173 benzininiais varikliais su turbokompresoriumi<br \/>\nTaikymas:- Audi A3, A4, A5, A6, Q3, Q5, TT- Seat Alhambra, Altea, Exeo, Leon, Toledo- \u0160koda Octavia II, Superb II, Yeti<\/p>","protected":false},"excerpt":{"rendered":"<p>Variklio fiksatoriai VAG 1.8\/2.0TFSI<\/p>","protected":false},"featured_media":260163,"comment_status":"open","ping_status":"open","template":"","meta":[],"product_cat":[9543],"product_tag":[10131],"class_list":{"0":"post-260161","1":"product","2":"type-product","3":"status-publish","4":"has-post-thumbnail","6":"product_brand-asta-lenkija","7":"product_cat-vag-vw-skoda-blokatoriai","8":"product_tag-asta-lenkija","10":"first","11":"instock","12":"purchasable","13":"product-type-simple"},"jetpack_sharing_enabled":true,"_links":{"self":[{"href":"https:\/\/irankiuzona.lt\/ru\/wp-json\/wp\/v2\/product\/260161","targetHints":{"allow":["GET"]}}],"collection":[{"href":"https:\/\/irankiuzona.lt\/ru\/wp-json\/wp\/v2\/product"}],"about":[{"href":"https:\/\/irankiuzona.lt\/ru\/wp-json\/wp\/v2\/types\/product"}],"replies":[{"embeddable":true,"href":"https:\/\/irankiuzona.lt\/ru\/wp-json\/wp\/v2\/comments?post=260161"}],"version-history":[{"count":1,"href":"https:\/\/irankiuzona.lt\/ru\/wp-json\/wp\/v2\/product\/260161\/revisions"}],"predecessor-version":[{"id":421854,"href":"https:\/\/irankiuzona.lt\/ru\/wp-json\/wp\/v2\/product\/260161\/revisions\/421854"}],"wp:featuredmedia":[{"embeddable":true,"href":"https:\/\/irankiuzona.lt\/ru\/wp-json\/wp\/v2\/media\/260163"}],"wp:attachment":[{"href":"https:\/\/irankiuzona.lt\/ru\/wp-json\/wp\/v2\/media?parent=260161"}],"wp:term":[{"taxonomy":"product_cat","embeddable":true,"href":"https:\/\/irankiuzona.lt\/ru\/wp-json\/wp\/v2\/product_cat?post=260161"},{"taxonomy":"product_tag","embeddable":true,"href":"https:\/\/irankiuzona.lt\/ru\/wp-json\/wp\/v2\/product_tag?post=260161"}],"curies":[{"name":"wp","href":"https:\/\/api.w.org\/{rel}","templated":true}]}}