{"id":260179,"date":"2024-09-29T12:20:47","date_gmt":"2024-09-29T12:20:47","guid":{"rendered":"https:\/\/irankiuzona.lt\/product\/elektriko-atsuktuvu-kompl-8dal-1000v\/"},"modified":"2026-04-11T11:53:15","modified_gmt":"2026-04-11T11:53:15","slug":"elektriko-atsuktuvu-kompl-8dal-1000v","status":"publish","type":"product","link":"https:\/\/irankiuzona.lt\/ru\/product\/elektriko-atsuktuvu-kompl-8dal-1000v\/","title":{"rendered":"Elektriko atsuktuv\u0173 kompl. 8dal. \/ 1000V"},"content":{"rendered":"<p>VDE 1000 V;. atsuktuvai pagaminti i\u0161 auk\u0161tos kokyb\u0117s S2 legiruotojo plieno;. izoliuota rankena su greitai kei\u010diam\u0173 kot\u0173 sistema;. rankenos u\u017eraktas stabiliam atsuktuvo antgalio tvirtinimui;. dviej\u0173 komponent\u0173 rankena su specialiai suformuotu neslystan\u010diu pavir\u0161iumi, didinan\u010diu priver\u017eimo j\u0117g\u0105;. supakuotas \u012f prakti\u0161k\u0105 d\u0117kl\u0105, kuriame galima laikyti visus elementus.<\/p>","protected":false},"excerpt":{"rendered":"<p>Elektriko atsuktuv\u0173 kompl. 8dal. \/ 1000V<\/p>","protected":false},"featured_media":260181,"comment_status":"open","ping_status":"open","template":"","meta":[],"product_cat":[9993],"product_tag":[9969],"class_list":{"0":"post-260179","1":"product","2":"type-product","3":"status-publish","4":"has-post-thumbnail","6":"product_brand-hogert-technik-vokietija","7":"product_cat-atsuktuvai-elektrikui","8":"product_tag-hogert-technik-vokietija","10":"first","11":"instock","12":"purchasable","13":"product-type-simple"},"jetpack_sharing_enabled":true,"_links":{"self":[{"href":"https:\/\/irankiuzona.lt\/ru\/wp-json\/wp\/v2\/product\/260179","targetHints":{"allow":["GET"]}}],"collection":[{"href":"https:\/\/irankiuzona.lt\/ru\/wp-json\/wp\/v2\/product"}],"about":[{"href":"https:\/\/irankiuzona.lt\/ru\/wp-json\/wp\/v2\/types\/product"}],"replies":[{"embeddable":true,"href":"https:\/\/irankiuzona.lt\/ru\/wp-json\/wp\/v2\/comments?post=260179"}],"version-history":[{"count":1,"href":"https:\/\/irankiuzona.lt\/ru\/wp-json\/wp\/v2\/product\/260179\/revisions"}],"predecessor-version":[{"id":421860,"href":"https:\/\/irankiuzona.lt\/ru\/wp-json\/wp\/v2\/product\/260179\/revisions\/421860"}],"wp:featuredmedia":[{"embeddable":true,"href":"https:\/\/irankiuzona.lt\/ru\/wp-json\/wp\/v2\/media\/260181"}],"wp:attachment":[{"href":"https:\/\/irankiuzona.lt\/ru\/wp-json\/wp\/v2\/media?parent=260179"}],"wp:term":[{"taxonomy":"product_cat","embeddable":true,"href":"https:\/\/irankiuzona.lt\/ru\/wp-json\/wp\/v2\/product_cat?post=260179"},{"taxonomy":"product_tag","embeddable":true,"href":"https:\/\/irankiuzona.lt\/ru\/wp-json\/wp\/v2\/product_tag?post=260179"}],"curies":[{"name":"wp","href":"https:\/\/api.w.org\/{rel}","templated":true}]}}