{"id":260221,"date":"2024-09-29T12:20:52","date_gmt":"2024-09-29T12:20:52","guid":{"rendered":"https:\/\/irankiuzona.lt\/product\/vezimelis-su-3-lentynom-ir-stalciumi\/"},"modified":"2026-04-11T10:53:24","modified_gmt":"2026-04-11T10:53:24","slug":"vezimelis-su-3-lentynom-ir-stalciumi","status":"publish","type":"product","link":"https:\/\/irankiuzona.lt\/ru\/product\/vezimelis-su-3-lentynom-ir-stalciumi\/","title":{"rendered":"Ve\u017eim\u0117lis su 3 lentynom ir stal\u010diumi"},"content":{"rendered":"<p>plotis be rankenos &#8211; 70 cm (78 cm su rankena)ilgis\u00a0&#8211; 35 cmauk\u0161tis &#8211; 74 cmkeliamoji galia &#8211; 136 kglentyn\u0173 gylis &#8211; 5 cmatstumas tarp lentyn\u0173 &#8211; 26 cm4 ratai, i\u0161 j\u0173 2 pasukami1 ratukas su stabd\u017eiu<br \/>\nSTAL\u010cIAI:<br \/>\nplotis &#8211; 39 cmilgis\u00a0&#8211; 30 cmauk\u0161tis &#8211; 5,5 cm<\/p>","protected":false},"excerpt":{"rendered":"<p>Ve\u017eim\u0117lis su 3 lentynom ir stal\u010diumi<\/p>","protected":false},"featured_media":260223,"comment_status":"open","ping_status":"open","template":"","meta":[],"product_cat":[10048],"product_tag":[10151],"class_list":{"0":"post-260221","1":"product","2":"type-product","3":"status-publish","4":"has-post-thumbnail","6":"product_brand-lenkija-tiekejas","7":"product_cat-vezimeliai-su-ratukais-su-lentynomis","8":"product_tag-lenkija-tiekejas","10":"first","11":"instock","12":"purchasable","13":"product-type-simple"},"jetpack_sharing_enabled":true,"_links":{"self":[{"href":"https:\/\/irankiuzona.lt\/ru\/wp-json\/wp\/v2\/product\/260221","targetHints":{"allow":["GET"]}}],"collection":[{"href":"https:\/\/irankiuzona.lt\/ru\/wp-json\/wp\/v2\/product"}],"about":[{"href":"https:\/\/irankiuzona.lt\/ru\/wp-json\/wp\/v2\/types\/product"}],"replies":[{"embeddable":true,"href":"https:\/\/irankiuzona.lt\/ru\/wp-json\/wp\/v2\/comments?post=260221"}],"version-history":[{"count":1,"href":"https:\/\/irankiuzona.lt\/ru\/wp-json\/wp\/v2\/product\/260221\/revisions"}],"predecessor-version":[{"id":421874,"href":"https:\/\/irankiuzona.lt\/ru\/wp-json\/wp\/v2\/product\/260221\/revisions\/421874"}],"wp:featuredmedia":[{"embeddable":true,"href":"https:\/\/irankiuzona.lt\/ru\/wp-json\/wp\/v2\/media\/260223"}],"wp:attachment":[{"href":"https:\/\/irankiuzona.lt\/ru\/wp-json\/wp\/v2\/media?parent=260221"}],"wp:term":[{"taxonomy":"product_cat","embeddable":true,"href":"https:\/\/irankiuzona.lt\/ru\/wp-json\/wp\/v2\/product_cat?post=260221"},{"taxonomy":"product_tag","embeddable":true,"href":"https:\/\/irankiuzona.lt\/ru\/wp-json\/wp\/v2\/product_tag?post=260221"}],"curies":[{"name":"wp","href":"https:\/\/api.w.org\/{rel}","templated":true}]}}