{"id":260242,"date":"2024-09-29T12:20:54","date_gmt":"2024-09-29T12:20:54","guid":{"rendered":"https:\/\/irankiuzona.lt\/product\/atstumo-matuoklis-40m\/"},"modified":"2026-04-13T00:19:11","modified_gmt":"2026-04-13T00:19:11","slug":"atstumo-matuoklis-40m","status":"publish","type":"product","link":"https:\/\/irankiuzona.lt\/ru\/product\/atstumo-matuoklis-40m\/","title":{"rendered":"Atstumo matuoklis 40m"},"content":{"rendered":"<p>Matavimo diapazonas 0,05-40mMatavimo tikslumas \u00b1 2 mmLazerio skersmuo 8\/40mmMatavimo vienetai: m \/ colis \/ p\u0117dosLazeris II klas\u0117Lazerinio diodo bangos ilgis yra 630-650 nmGalia <1mWDarbin\u0117 temperat\u016bra: nuo -0\u00b0C iki 40\u00b0CMaitinimas 2x 1,5V AAAAutomatinis \u012frenginio i\u0161jungimas 8 minutesMatmenys: 115 x 50 x 24 mmSvoris: 88g\n<\/p>","protected":false},"excerpt":{"rendered":"<p>Atstumo matuoklis 40m<\/p>","protected":false},"featured_media":260244,"comment_status":"open","ping_status":"open","template":"","meta":[],"product_cat":[9973],"product_tag":[10151],"class_list":{"0":"post-260242","1":"product","2":"type-product","3":"status-publish","4":"has-post-thumbnail","6":"product_brand-lenkija-tiekejas","7":"product_cat-lazeriniai-matuokliai","8":"product_tag-lenkija-tiekejas","10":"first","11":"outofstock","12":"purchasable","13":"product-type-simple"},"jetpack_sharing_enabled":true,"_links":{"self":[{"href":"https:\/\/irankiuzona.lt\/ru\/wp-json\/wp\/v2\/product\/260242","targetHints":{"allow":["GET"]}}],"collection":[{"href":"https:\/\/irankiuzona.lt\/ru\/wp-json\/wp\/v2\/product"}],"about":[{"href":"https:\/\/irankiuzona.lt\/ru\/wp-json\/wp\/v2\/types\/product"}],"replies":[{"embeddable":true,"href":"https:\/\/irankiuzona.lt\/ru\/wp-json\/wp\/v2\/comments?post=260242"}],"version-history":[{"count":1,"href":"https:\/\/irankiuzona.lt\/ru\/wp-json\/wp\/v2\/product\/260242\/revisions"}],"predecessor-version":[{"id":421881,"href":"https:\/\/irankiuzona.lt\/ru\/wp-json\/wp\/v2\/product\/260242\/revisions\/421881"}],"wp:featuredmedia":[{"embeddable":true,"href":"https:\/\/irankiuzona.lt\/ru\/wp-json\/wp\/v2\/media\/260244"}],"wp:attachment":[{"href":"https:\/\/irankiuzona.lt\/ru\/wp-json\/wp\/v2\/media?parent=260242"}],"wp:term":[{"taxonomy":"product_cat","embeddable":true,"href":"https:\/\/irankiuzona.lt\/ru\/wp-json\/wp\/v2\/product_cat?post=260242"},{"taxonomy":"product_tag","embeddable":true,"href":"https:\/\/irankiuzona.lt\/ru\/wp-json\/wp\/v2\/product_tag?post=260242"}],"curies":[{"name":"wp","href":"https:\/\/api.w.org\/{rel}","templated":true}]}}