{"id":260268,"date":"2024-09-29T12:20:57","date_gmt":"2024-09-29T12:20:57","guid":{"rendered":"https:\/\/irankiuzona.lt\/product\/generatorius-inverterinis-benzininis-3500w\/"},"modified":"2026-05-15T01:48:53","modified_gmt":"2026-05-15T01:48:53","slug":"generatorius-inverterinis-benzininis-3500w","status":"publish","type":"product","link":"https:\/\/irankiuzona.lt\/ru\/product\/generatorius-inverterinis-benzininis-3500w\/","title":{"rendered":"Generatorius inverterinis benzininis 3500W"},"content":{"rendered":"<p>\u012etampa: 230V \/ 50HzVariklis: oru au\u0161inamas 4 takt\u01732x 230V lizdasAlyvos bako talpa: 0,45LVariklis: QL170FVariklio tipas: vieno cilindro, keturi\u0173 takt\u0173, priverstinio oro au\u0161inimo, OHVVariklio grei\u010dio reguliavimas: TAIPVariklio galia: 4,5 AGNominali galia: 3,2kWDid\u017eiausia generatoriaus galia: 3,5kWTalpa: 212cc\u012etampos reguliatoriusTvirtinama ant sm\u016bgius sugerian\u010di\u0173 pagalv\u0117li\u0173Paleidimas: rankinisKuro matuoklis: TaipKuro bako talpa: 13LMaitinimas: 95 arba 98 benzinasKuro s\u0105naudos: 450 g \/ KWMed\u017eiagos: ner\u016bdijantis plienas, aliuminis, plastikasGarso sl\u0117gio lygis: 69dB (A)<\/p>","protected":false},"excerpt":{"rendered":"<p>Generatorius inverterinis benzininis 3500W<\/p>","protected":false},"featured_media":260270,"comment_status":"open","ping_status":"open","template":"","meta":[],"product_cat":[10132],"product_tag":[10151],"class_list":{"0":"post-260268","1":"product","2":"type-product","3":"status-publish","4":"has-post-thumbnail","6":"product_brand-lenkija-tiekejas","7":"product_cat-generatoriai","8":"product_tag-lenkija-tiekejas","10":"first","11":"instock","12":"purchasable","13":"product-type-simple"},"jetpack_sharing_enabled":true,"_links":{"self":[{"href":"https:\/\/irankiuzona.lt\/ru\/wp-json\/wp\/v2\/product\/260268","targetHints":{"allow":["GET"]}}],"collection":[{"href":"https:\/\/irankiuzona.lt\/ru\/wp-json\/wp\/v2\/product"}],"about":[{"href":"https:\/\/irankiuzona.lt\/ru\/wp-json\/wp\/v2\/types\/product"}],"replies":[{"embeddable":true,"href":"https:\/\/irankiuzona.lt\/ru\/wp-json\/wp\/v2\/comments?post=260268"}],"version-history":[{"count":1,"href":"https:\/\/irankiuzona.lt\/ru\/wp-json\/wp\/v2\/product\/260268\/revisions"}],"predecessor-version":[{"id":421890,"href":"https:\/\/irankiuzona.lt\/ru\/wp-json\/wp\/v2\/product\/260268\/revisions\/421890"}],"wp:featuredmedia":[{"embeddable":true,"href":"https:\/\/irankiuzona.lt\/ru\/wp-json\/wp\/v2\/media\/260270"}],"wp:attachment":[{"href":"https:\/\/irankiuzona.lt\/ru\/wp-json\/wp\/v2\/media?parent=260268"}],"wp:term":[{"taxonomy":"product_cat","embeddable":true,"href":"https:\/\/irankiuzona.lt\/ru\/wp-json\/wp\/v2\/product_cat?post=260268"},{"taxonomy":"product_tag","embeddable":true,"href":"https:\/\/irankiuzona.lt\/ru\/wp-json\/wp\/v2\/product_tag?post=260268"}],"curies":[{"name":"wp","href":"https:\/\/api.w.org\/{rel}","templated":true}]}}