{"id":260300,"date":"2024-09-29T12:21:00","date_gmt":"2024-09-29T12:21:00","guid":{"rendered":"https:\/\/irankiuzona.lt\/product\/srieginiu-graztu-komplektas-hss-7daliu\/"},"modified":"2026-04-14T14:35:40","modified_gmt":"2026-04-14T14:35:40","slug":"srieginiu-graztu-komplektas-hss-7daliu","status":"publish","type":"product","link":"https:\/\/irankiuzona.lt\/ru\/product\/srieginiu-graztu-komplektas-hss-7daliu\/","title":{"rendered":"Sriegini\u0173 gr\u0105\u017et\u0173 komplektas HSS 7dali\u0173"},"content":{"rendered":"<p>Med\u017eiaga HSS greitasis plienasKotas 1\/4\u201c (6.35 mm) \u0161e\u0161iakampis antgalis suktuvamsKampas 130 \u00b0Pjovimo kryptis pagal laikrod\u017eio rodykl\u0119M10 x 1.5 (L= 64 mm)M8 x 1.25 (L= 64 mm)M6 x 1.0 (L= 67 mm)M5 x 0.8 (L= 67 mm)M4 x 0.7 (L= 70 mm)M3 x 0.5 (L= 70 mm)\u00a0<\/p>","protected":false},"excerpt":{"rendered":"<p>Sriegini\u0173 gr\u0105\u017et\u0173 su sriegikliu komplektas HSS , M3-M10<\/p>","protected":false},"featured_media":260302,"comment_status":"open","ping_status":"open","template":"","meta":[],"product_cat":[9546],"product_tag":[9932],"class_list":{"0":"post-260300","1":"product","2":"type-product","3":"status-publish","4":"has-post-thumbnail","6":"product_brand-taivanis-taiwan","7":"product_cat-sriegikliu-ir-sriegpjoviu-komplektai","8":"product_tag-taivanis-taiwan","10":"first","11":"outofstock","12":"purchasable","13":"product-type-simple"},"jetpack_sharing_enabled":true,"_links":{"self":[{"href":"https:\/\/irankiuzona.lt\/ru\/wp-json\/wp\/v2\/product\/260300","targetHints":{"allow":["GET"]}}],"collection":[{"href":"https:\/\/irankiuzona.lt\/ru\/wp-json\/wp\/v2\/product"}],"about":[{"href":"https:\/\/irankiuzona.lt\/ru\/wp-json\/wp\/v2\/types\/product"}],"replies":[{"embeddable":true,"href":"https:\/\/irankiuzona.lt\/ru\/wp-json\/wp\/v2\/comments?post=260300"}],"version-history":[{"count":1,"href":"https:\/\/irankiuzona.lt\/ru\/wp-json\/wp\/v2\/product\/260300\/revisions"}],"predecessor-version":[{"id":421901,"href":"https:\/\/irankiuzona.lt\/ru\/wp-json\/wp\/v2\/product\/260300\/revisions\/421901"}],"wp:featuredmedia":[{"embeddable":true,"href":"https:\/\/irankiuzona.lt\/ru\/wp-json\/wp\/v2\/media\/260302"}],"wp:attachment":[{"href":"https:\/\/irankiuzona.lt\/ru\/wp-json\/wp\/v2\/media?parent=260300"}],"wp:term":[{"taxonomy":"product_cat","embeddable":true,"href":"https:\/\/irankiuzona.lt\/ru\/wp-json\/wp\/v2\/product_cat?post=260300"},{"taxonomy":"product_tag","embeddable":true,"href":"https:\/\/irankiuzona.lt\/ru\/wp-json\/wp\/v2\/product_tag?post=260300"}],"curies":[{"name":"wp","href":"https:\/\/api.w.org\/{rel}","templated":true}]}}