{"id":260321,"date":"2024-09-29T12:21:03","date_gmt":"2024-09-29T12:21:03","guid":{"rendered":"https:\/\/irankiuzona.lt\/product\/pneumatinis-tepalo-uzpylimo-ir-issiurbimo-irankis\/"},"modified":"2026-05-14T16:17:11","modified_gmt":"2026-05-14T16:17:11","slug":"pneumatinis-tepalo-uzpylimo-ir-issiurbimo-irankis","status":"publish","type":"product","link":"https:\/\/irankiuzona.lt\/ru\/product\/pneumatinis-tepalo-uzpylimo-ir-issiurbimo-irankis\/","title":{"rendered":"Pneumatinis tepalo u\u017epylimo ir i\u0161siurbimo \u012frankis"},"content":{"rendered":"<p>adapteris Ford, 1\/8&quot; &#8211; 27NPTuniversalus adapteris BMW, Honda, Nissan ir kt.adapteris VW, Audiadapteris VW, Audi, Porscheadapteris VW, Audi, MINI, M10 x 1.0adapteris VW ir Audi DSG, M24 x 1.5adapteris VW ir Audi CVT, M22 x 1.5adapteris Mercedes-Benz 722.9, M12 x 1.0\u00a0manometras3 bar\u0173 apsauginis vo\u017etuvastalpa: 6000 cm\u00b3oro s\u0105naudos 57 l\/minoro jungtis: 6,3 mm (1\/4 colio)<\/p>","protected":false},"excerpt":{"rendered":"<p>Pneumatinis tepalo u\u017epylimo ir i\u0161siurbimo \u012frankis<\/p>","protected":false},"featured_media":260323,"comment_status":"open","ping_status":"open","template":"","meta":[],"product_cat":[10031],"product_tag":[9845],"class_list":{"0":"post-260321","1":"product","2":"type-product","3":"status-publish","4":"has-post-thumbnail","6":"product_brand-vokietija-germany","7":"product_cat-tepalo-uzpildymo-surinkimo-iranga-talpos-tepalams","8":"product_tag-vokietija-germany","10":"first","11":"outofstock","12":"purchasable","13":"product-type-simple"},"jetpack_sharing_enabled":true,"_links":{"self":[{"href":"https:\/\/irankiuzona.lt\/ru\/wp-json\/wp\/v2\/product\/260321","targetHints":{"allow":["GET"]}}],"collection":[{"href":"https:\/\/irankiuzona.lt\/ru\/wp-json\/wp\/v2\/product"}],"about":[{"href":"https:\/\/irankiuzona.lt\/ru\/wp-json\/wp\/v2\/types\/product"}],"replies":[{"embeddable":true,"href":"https:\/\/irankiuzona.lt\/ru\/wp-json\/wp\/v2\/comments?post=260321"}],"version-history":[{"count":1,"href":"https:\/\/irankiuzona.lt\/ru\/wp-json\/wp\/v2\/product\/260321\/revisions"}],"predecessor-version":[{"id":421906,"href":"https:\/\/irankiuzona.lt\/ru\/wp-json\/wp\/v2\/product\/260321\/revisions\/421906"}],"wp:featuredmedia":[{"embeddable":true,"href":"https:\/\/irankiuzona.lt\/ru\/wp-json\/wp\/v2\/media\/260323"}],"wp:attachment":[{"href":"https:\/\/irankiuzona.lt\/ru\/wp-json\/wp\/v2\/media?parent=260321"}],"wp:term":[{"taxonomy":"product_cat","embeddable":true,"href":"https:\/\/irankiuzona.lt\/ru\/wp-json\/wp\/v2\/product_cat?post=260321"},{"taxonomy":"product_tag","embeddable":true,"href":"https:\/\/irankiuzona.lt\/ru\/wp-json\/wp\/v2\/product_tag?post=260321"}],"curies":[{"name":"wp","href":"https:\/\/api.w.org\/{rel}","templated":true}]}}