{"id":260408,"date":"2024-09-29T12:30:13","date_gmt":"2024-09-29T12:30:13","guid":{"rendered":"https:\/\/irankiuzona.lt\/product\/galvutes-purkstukams-vag-tdi-3vnt\/"},"modified":"2026-05-16T17:05:24","modified_gmt":"2026-05-16T17:05:24","slug":"galvutes-purkstukams-vag-tdi-3vnt","status":"publish","type":"product","link":"https:\/\/irankiuzona.lt\/ru\/product\/galvutes-purkstukams-vag-tdi-3vnt\/","title":{"rendered":"Galvut\u0117s purk\u0161tukams VAG TDI 3vnt."},"content":{"rendered":"","protected":false},"excerpt":{"rendered":"<p>Galvut\u0117s purk\u0161tukams VAG TDI 3vnt.<\/p>","protected":false},"featured_media":260410,"comment_status":"open","ping_status":"open","template":"","meta":[],"product_cat":[9633],"product_tag":[10131],"class_list":{"0":"post-260408","1":"product","2":"type-product","3":"status-publish","4":"has-post-thumbnail","6":"product_brand-asta-lenkija","7":"product_cat-galvutes-purkstukams","8":"product_tag-asta-lenkija","10":"first","11":"instock","12":"purchasable","13":"product-type-simple"},"jetpack_sharing_enabled":true,"_links":{"self":[{"href":"https:\/\/irankiuzona.lt\/ru\/wp-json\/wp\/v2\/product\/260408","targetHints":{"allow":["GET"]}}],"collection":[{"href":"https:\/\/irankiuzona.lt\/ru\/wp-json\/wp\/v2\/product"}],"about":[{"href":"https:\/\/irankiuzona.lt\/ru\/wp-json\/wp\/v2\/types\/product"}],"replies":[{"embeddable":true,"href":"https:\/\/irankiuzona.lt\/ru\/wp-json\/wp\/v2\/comments?post=260408"}],"version-history":[{"count":1,"href":"https:\/\/irankiuzona.lt\/ru\/wp-json\/wp\/v2\/product\/260408\/revisions"}],"predecessor-version":[{"id":421935,"href":"https:\/\/irankiuzona.lt\/ru\/wp-json\/wp\/v2\/product\/260408\/revisions\/421935"}],"wp:featuredmedia":[{"embeddable":true,"href":"https:\/\/irankiuzona.lt\/ru\/wp-json\/wp\/v2\/media\/260410"}],"wp:attachment":[{"href":"https:\/\/irankiuzona.lt\/ru\/wp-json\/wp\/v2\/media?parent=260408"}],"wp:term":[{"taxonomy":"product_cat","embeddable":true,"href":"https:\/\/irankiuzona.lt\/ru\/wp-json\/wp\/v2\/product_cat?post=260408"},{"taxonomy":"product_tag","embeddable":true,"href":"https:\/\/irankiuzona.lt\/ru\/wp-json\/wp\/v2\/product_tag?post=260408"}],"curies":[{"name":"wp","href":"https:\/\/api.w.org\/{rel}","templated":true}]}}