{"id":260460,"date":"2024-09-29T12:30:18","date_gmt":"2024-09-29T12:30:18","guid":{"rendered":"https:\/\/irankiuzona.lt\/product\/alyvos-piltuvas-su-adapteriais-8vnt\/"},"modified":"2026-05-14T16:17:17","modified_gmt":"2026-05-14T16:17:17","slug":"alyvos-piltuvas-su-adapteriais-8vnt","status":"publish","type":"product","link":"https:\/\/irankiuzona.lt\/ru\/product\/alyvos-piltuvas-su-adapteriais-8vnt\/","title":{"rendered":"Alyvos piltuvas su adapteriais 8vnt."},"content":{"rendered":"<p>\u012erenginys skirtas variklio alyvos papildymui sunkiai pasiekiamose pildymo vietose su piltuvu, svirtimi ir adapteriu.<br \/>\nNaudodami \u0161\u012f rinkin\u012f i\u0161vengsite alyvos i\u0161siliejimo ant variklio dang\u010dio.<br \/>\n\u012eskaitant:<br \/>\nPiltuv\u0117lis 1,5l<br \/>\nRankena su galimybe reguliuoti galus 180\u00b0<br \/>\n6 adapteriai, automobiliams AUDI, VW, Seat, SKODA, Mercedes-Benz, Toyota, Lexus, Ford, Honda Nissan, Subaru, Mazda<\/p>","protected":false},"excerpt":{"rendered":"<p>Alyvos piltuvas su adapteriais 8vnt.<\/p>","protected":false},"featured_media":260462,"comment_status":"open","ping_status":"open","template":"","meta":[],"product_cat":[10031],"product_tag":[10131],"class_list":{"0":"post-260460","1":"product","2":"type-product","3":"status-publish","4":"has-post-thumbnail","6":"product_brand-asta-lenkija","7":"product_cat-tepalo-uzpildymo-surinkimo-iranga-talpos-tepalams","8":"product_tag-asta-lenkija","10":"first","11":"outofstock","12":"purchasable","13":"product-type-simple"},"jetpack_sharing_enabled":true,"_links":{"self":[{"href":"https:\/\/irankiuzona.lt\/ru\/wp-json\/wp\/v2\/product\/260460","targetHints":{"allow":["GET"]}}],"collection":[{"href":"https:\/\/irankiuzona.lt\/ru\/wp-json\/wp\/v2\/product"}],"about":[{"href":"https:\/\/irankiuzona.lt\/ru\/wp-json\/wp\/v2\/types\/product"}],"replies":[{"embeddable":true,"href":"https:\/\/irankiuzona.lt\/ru\/wp-json\/wp\/v2\/comments?post=260460"}],"version-history":[{"count":1,"href":"https:\/\/irankiuzona.lt\/ru\/wp-json\/wp\/v2\/product\/260460\/revisions"}],"predecessor-version":[{"id":421953,"href":"https:\/\/irankiuzona.lt\/ru\/wp-json\/wp\/v2\/product\/260460\/revisions\/421953"}],"wp:featuredmedia":[{"embeddable":true,"href":"https:\/\/irankiuzona.lt\/ru\/wp-json\/wp\/v2\/media\/260462"}],"wp:attachment":[{"href":"https:\/\/irankiuzona.lt\/ru\/wp-json\/wp\/v2\/media?parent=260460"}],"wp:term":[{"taxonomy":"product_cat","embeddable":true,"href":"https:\/\/irankiuzona.lt\/ru\/wp-json\/wp\/v2\/product_cat?post=260460"},{"taxonomy":"product_tag","embeddable":true,"href":"https:\/\/irankiuzona.lt\/ru\/wp-json\/wp\/v2\/product_tag?post=260460"}],"curies":[{"name":"wp","href":"https:\/\/api.w.org\/{rel}","templated":true}]}}