{"id":260463,"date":"2024-09-29T12:30:18","date_gmt":"2024-09-29T12:30:18","guid":{"rendered":"https:\/\/irankiuzona.lt\/product\/raktas-kilpinis-kardaninis-12mm-350mm-ilgio\/"},"modified":"2024-11-04T00:41:01","modified_gmt":"2024-11-04T00:41:01","slug":"raktas-kilpinis-kardaninis-12mm-350mm-ilgio","status":"publish","type":"product","link":"https:\/\/irankiuzona.lt\/ru\/product\/raktas-kilpinis-kardaninis-12mm-350mm-ilgio\/","title":{"rendered":"Raktas kilpinis kardaninis 12mm, 350mm ilgio"},"content":{"rendered":"<p>&#8211; Raktas 72 dant\u0173<br \/>\n&#8211; 12 ta\u0161k\u0173 asimetrinis \u017eiedinis reketas su 180\u00b0 paslankian\u010dia galvute<\/p>","protected":false},"excerpt":{"rendered":"<p>Raktas kilpinis kardaninis 12mm, 350mm ilgio<\/p>","protected":false},"featured_media":260465,"comment_status":"open","ping_status":"open","template":"","meta":[],"product_cat":[9520],"product_tag":[10131],"class_list":{"0":"post-260463","1":"product","2":"type-product","3":"status-publish","4":"has-post-thumbnail","6":"product_brand-asta-lenkija","7":"product_cat-kilpiniai-raktai-ju-komplektai","8":"product_tag-asta-lenkija","10":"first","11":"instock","12":"purchasable","13":"product-type-simple"},"jetpack_sharing_enabled":true,"_links":{"self":[{"href":"https:\/\/irankiuzona.lt\/ru\/wp-json\/wp\/v2\/product\/260463","targetHints":{"allow":["GET"]}}],"collection":[{"href":"https:\/\/irankiuzona.lt\/ru\/wp-json\/wp\/v2\/product"}],"about":[{"href":"https:\/\/irankiuzona.lt\/ru\/wp-json\/wp\/v2\/types\/product"}],"replies":[{"embeddable":true,"href":"https:\/\/irankiuzona.lt\/ru\/wp-json\/wp\/v2\/comments?post=260463"}],"version-history":[{"count":0,"href":"https:\/\/irankiuzona.lt\/ru\/wp-json\/wp\/v2\/product\/260463\/revisions"}],"wp:featuredmedia":[{"embeddable":true,"href":"https:\/\/irankiuzona.lt\/ru\/wp-json\/wp\/v2\/media\/260465"}],"wp:attachment":[{"href":"https:\/\/irankiuzona.lt\/ru\/wp-json\/wp\/v2\/media?parent=260463"}],"wp:term":[{"taxonomy":"product_cat","embeddable":true,"href":"https:\/\/irankiuzona.lt\/ru\/wp-json\/wp\/v2\/product_cat?post=260463"},{"taxonomy":"product_tag","embeddable":true,"href":"https:\/\/irankiuzona.lt\/ru\/wp-json\/wp\/v2\/product_tag?post=260463"}],"curies":[{"name":"wp","href":"https:\/\/api.w.org\/{rel}","templated":true}]}}