{"id":260591,"date":"2024-09-29T12:30:30","date_gmt":"2024-09-29T12:30:30","guid":{"rendered":"https:\/\/irankiuzona.lt\/product\/graztas-suvirinimo-taskams-8mm-hss-cobalt-trumpas\/"},"modified":"2026-04-16T10:57:03","modified_gmt":"2026-04-16T10:57:03","slug":"graztas-suvirinimo-taskams-8mm-hss-cobalt-trumpas","status":"publish","type":"product","link":"https:\/\/irankiuzona.lt\/ru\/product\/graztas-suvirinimo-taskams-8mm-hss-cobalt-trumpas\/","title":{"rendered":"Gr\u0105\u017etas suvirinimo ta\u0161kams 8mm HSS-Cobalt trumpas"},"content":{"rendered":"<p>8mm diametro<\/p>","protected":false},"excerpt":{"rendered":"<p>Gr\u0105\u017etas suvirinimo ta\u0161kams 8mm HSS-Cobalt trumpas<\/p>","protected":false},"featured_media":260593,"comment_status":"open","ping_status":"open","template":"","meta":[],"product_cat":[9602],"product_tag":[10131],"class_list":{"0":"post-260591","1":"product","2":"type-product","3":"status-publish","4":"has-post-thumbnail","6":"product_brand-asta-lenkija","7":"product_cat-graztai-suvirinimo-taskams","8":"product_tag-asta-lenkija","10":"first","11":"instock","12":"purchasable","13":"product-type-simple"},"jetpack_sharing_enabled":true,"_links":{"self":[{"href":"https:\/\/irankiuzona.lt\/ru\/wp-json\/wp\/v2\/product\/260591","targetHints":{"allow":["GET"]}}],"collection":[{"href":"https:\/\/irankiuzona.lt\/ru\/wp-json\/wp\/v2\/product"}],"about":[{"href":"https:\/\/irankiuzona.lt\/ru\/wp-json\/wp\/v2\/types\/product"}],"replies":[{"embeddable":true,"href":"https:\/\/irankiuzona.lt\/ru\/wp-json\/wp\/v2\/comments?post=260591"}],"version-history":[{"count":1,"href":"https:\/\/irankiuzona.lt\/ru\/wp-json\/wp\/v2\/product\/260591\/revisions"}],"predecessor-version":[{"id":421997,"href":"https:\/\/irankiuzona.lt\/ru\/wp-json\/wp\/v2\/product\/260591\/revisions\/421997"}],"wp:featuredmedia":[{"embeddable":true,"href":"https:\/\/irankiuzona.lt\/ru\/wp-json\/wp\/v2\/media\/260593"}],"wp:attachment":[{"href":"https:\/\/irankiuzona.lt\/ru\/wp-json\/wp\/v2\/media?parent=260591"}],"wp:term":[{"taxonomy":"product_cat","embeddable":true,"href":"https:\/\/irankiuzona.lt\/ru\/wp-json\/wp\/v2\/product_cat?post=260591"},{"taxonomy":"product_tag","embeddable":true,"href":"https:\/\/irankiuzona.lt\/ru\/wp-json\/wp\/v2\/product_tag?post=260591"}],"curies":[{"name":"wp","href":"https:\/\/api.w.org\/{rel}","templated":true}]}}