{"id":260642,"date":"2024-09-29T12:30:36","date_gmt":"2024-09-29T12:30:36","guid":{"rendered":"https:\/\/irankiuzona.lt\/product\/veleno-fiksatorius-1-3d-citroen-peaugot-fiat-ford-alfa\/"},"modified":"2026-04-16T23:09:21","modified_gmt":"2026-04-16T23:09:21","slug":"veleno-fiksatorius-1-3d-citroen-peaugot-fiat-ford-alfa","status":"publish","type":"product","link":"https:\/\/irankiuzona.lt\/ru\/product\/veleno-fiksatorius-1-3d-citroen-peaugot-fiat-ford-alfa\/","title":{"rendered":"Veleno fiksatorius 1.3D Citroen\/Peaugot\/Fiat\/Ford\/Alfa"},"content":{"rendered":"<p>Taikymas 1.3 JTD dyzeliniame variklyje, kuris yra Citroen, Peugeot, Fiat, Ford ir Alfa Romeo.<br \/>\n\u012erankis, naudojamas paskirstymo velenui u\u017efiksuoti atlaisvinant arba priver\u017eiant tvirtinimo detales.<\/p>","protected":false},"excerpt":{"rendered":"<p>Veleno fiksatorius 1.3D Citroen\/Peaugot\/Fiat\/Ford\/Alfa<\/p>","protected":false},"featured_media":260644,"comment_status":"open","ping_status":"open","template":"","meta":[],"product_cat":[9774],"product_tag":[10131],"class_list":{"0":"post-260642","1":"product","2":"type-product","3":"status-publish","4":"has-post-thumbnail","6":"product_brand-asta-lenkija","7":"product_cat-citroen-peugeot-mini-psa-blokatoriai","8":"product_tag-asta-lenkija","10":"first","11":"instock","12":"purchasable","13":"product-type-simple"},"jetpack_sharing_enabled":true,"_links":{"self":[{"href":"https:\/\/irankiuzona.lt\/ru\/wp-json\/wp\/v2\/product\/260642","targetHints":{"allow":["GET"]}}],"collection":[{"href":"https:\/\/irankiuzona.lt\/ru\/wp-json\/wp\/v2\/product"}],"about":[{"href":"https:\/\/irankiuzona.lt\/ru\/wp-json\/wp\/v2\/types\/product"}],"replies":[{"embeddable":true,"href":"https:\/\/irankiuzona.lt\/ru\/wp-json\/wp\/v2\/comments?post=260642"}],"version-history":[{"count":1,"href":"https:\/\/irankiuzona.lt\/ru\/wp-json\/wp\/v2\/product\/260642\/revisions"}],"predecessor-version":[{"id":422014,"href":"https:\/\/irankiuzona.lt\/ru\/wp-json\/wp\/v2\/product\/260642\/revisions\/422014"}],"wp:featuredmedia":[{"embeddable":true,"href":"https:\/\/irankiuzona.lt\/ru\/wp-json\/wp\/v2\/media\/260644"}],"wp:attachment":[{"href":"https:\/\/irankiuzona.lt\/ru\/wp-json\/wp\/v2\/media?parent=260642"}],"wp:term":[{"taxonomy":"product_cat","embeddable":true,"href":"https:\/\/irankiuzona.lt\/ru\/wp-json\/wp\/v2\/product_cat?post=260642"},{"taxonomy":"product_tag","embeddable":true,"href":"https:\/\/irankiuzona.lt\/ru\/wp-json\/wp\/v2\/product_tag?post=260642"}],"curies":[{"name":"wp","href":"https:\/\/api.w.org\/{rel}","templated":true}]}}