{"id":260715,"date":"2024-09-29T12:30:42","date_gmt":"2024-09-29T12:30:42","guid":{"rendered":"https:\/\/irankiuzona.lt\/product\/paskirstymo-veleno-galvute-vw-audi\/"},"modified":"2026-04-17T08:41:47","modified_gmt":"2026-04-17T08:41:47","slug":"paskirstymo-veleno-galvute-vw-audi","status":"publish","type":"product","link":"https:\/\/irankiuzona.lt\/ru\/product\/paskirstymo-veleno-galvute-vw-audi\/","title":{"rendered":"Paskirstymo veleno galvut\u0117 VW\/AUDI"},"content":{"rendered":"<p>6 cilindr\u0173, 3,0 l 4V tiesioginio \u012fpur\u0161kimo varikliui (4 karta)<\/p>","protected":false},"excerpt":{"rendered":"<p>Paskirstymo veleno galvut\u0117 VW\/AUDI<\/p>","protected":false},"featured_media":260717,"comment_status":"open","ping_status":"open","template":"","meta":[],"product_cat":[9543],"product_tag":[10131],"class_list":{"0":"post-260715","1":"product","2":"type-product","3":"status-publish","4":"has-post-thumbnail","6":"product_brand-asta-lenkija","7":"product_cat-vag-vw-skoda-blokatoriai","8":"product_tag-asta-lenkija","10":"first","11":"instock","12":"purchasable","13":"product-type-simple"},"jetpack_sharing_enabled":true,"_links":{"self":[{"href":"https:\/\/irankiuzona.lt\/ru\/wp-json\/wp\/v2\/product\/260715","targetHints":{"allow":["GET"]}}],"collection":[{"href":"https:\/\/irankiuzona.lt\/ru\/wp-json\/wp\/v2\/product"}],"about":[{"href":"https:\/\/irankiuzona.lt\/ru\/wp-json\/wp\/v2\/types\/product"}],"replies":[{"embeddable":true,"href":"https:\/\/irankiuzona.lt\/ru\/wp-json\/wp\/v2\/comments?post=260715"}],"version-history":[{"count":1,"href":"https:\/\/irankiuzona.lt\/ru\/wp-json\/wp\/v2\/product\/260715\/revisions"}],"predecessor-version":[{"id":422039,"href":"https:\/\/irankiuzona.lt\/ru\/wp-json\/wp\/v2\/product\/260715\/revisions\/422039"}],"wp:featuredmedia":[{"embeddable":true,"href":"https:\/\/irankiuzona.lt\/ru\/wp-json\/wp\/v2\/media\/260717"}],"wp:attachment":[{"href":"https:\/\/irankiuzona.lt\/ru\/wp-json\/wp\/v2\/media?parent=260715"}],"wp:term":[{"taxonomy":"product_cat","embeddable":true,"href":"https:\/\/irankiuzona.lt\/ru\/wp-json\/wp\/v2\/product_cat?post=260715"},{"taxonomy":"product_tag","embeddable":true,"href":"https:\/\/irankiuzona.lt\/ru\/wp-json\/wp\/v2\/product_tag?post=260715"}],"curies":[{"name":"wp","href":"https:\/\/api.w.org\/{rel}","templated":true}]}}