{"id":260730,"date":"2024-09-29T12:30:44","date_gmt":"2024-09-29T12:30:44","guid":{"rendered":"https:\/\/irankiuzona.lt\/product\/stabdziu-sistemos-remonto-komplektas-15vnt\/"},"modified":"2026-04-21T16:48:21","modified_gmt":"2026-04-21T16:48:21","slug":"stabdziu-sistemos-remonto-komplektas-15vnt","status":"publish","type":"product","link":"https:\/\/irankiuzona.lt\/ru\/product\/stabdziu-sistemos-remonto-komplektas-15vnt\/","title":{"rendered":"Stabd\u017ei\u0173 sistemos remonto komplektas 15vnt."},"content":{"rendered":"<p>Komplekte yra platus \u012franki\u0173 pasirinkimas \u012fvairi\u0173 marki\u0173 automobili\u0173 priekiniams ir galiniams stabd\u017eiams pakeisti, pri\u017ei\u016br\u0117ti ir valyti.<\/p>","protected":false},"excerpt":{"rendered":"<p>Stabd\u017ei\u0173 sistemos remonto komplektas 15vnt.<\/p>","protected":false},"featured_media":260732,"comment_status":"open","ping_status":"open","template":"","meta":[],"product_cat":[9925],"product_tag":[10130],"class_list":{"0":"post-260730","1":"product","2":"type-product","3":"status-publish","4":"has-post-thumbnail","6":"product_brand-satra-lenkija","7":"product_cat-irankiai-vaziuokles-remontui","8":"product_tag-satra-lenkija","10":"first","11":"outofstock","12":"purchasable","13":"product-type-simple"},"jetpack_sharing_enabled":true,"_links":{"self":[{"href":"https:\/\/irankiuzona.lt\/ru\/wp-json\/wp\/v2\/product\/260730","targetHints":{"allow":["GET"]}}],"collection":[{"href":"https:\/\/irankiuzona.lt\/ru\/wp-json\/wp\/v2\/product"}],"about":[{"href":"https:\/\/irankiuzona.lt\/ru\/wp-json\/wp\/v2\/types\/product"}],"replies":[{"embeddable":true,"href":"https:\/\/irankiuzona.lt\/ru\/wp-json\/wp\/v2\/comments?post=260730"}],"version-history":[{"count":1,"href":"https:\/\/irankiuzona.lt\/ru\/wp-json\/wp\/v2\/product\/260730\/revisions"}],"predecessor-version":[{"id":422044,"href":"https:\/\/irankiuzona.lt\/ru\/wp-json\/wp\/v2\/product\/260730\/revisions\/422044"}],"wp:featuredmedia":[{"embeddable":true,"href":"https:\/\/irankiuzona.lt\/ru\/wp-json\/wp\/v2\/media\/260732"}],"wp:attachment":[{"href":"https:\/\/irankiuzona.lt\/ru\/wp-json\/wp\/v2\/media?parent=260730"}],"wp:term":[{"taxonomy":"product_cat","embeddable":true,"href":"https:\/\/irankiuzona.lt\/ru\/wp-json\/wp\/v2\/product_cat?post=260730"},{"taxonomy":"product_tag","embeddable":true,"href":"https:\/\/irankiuzona.lt\/ru\/wp-json\/wp\/v2\/product_tag?post=260730"}],"curies":[{"name":"wp","href":"https:\/\/api.w.org\/{rel}","templated":true}]}}