{"id":260754,"date":"2024-09-29T12:30:47","date_gmt":"2024-09-29T12:30:47","guid":{"rendered":"https:\/\/irankiuzona.lt\/product\/ipurskimo-siurbliu-galvutes-bosch-komplektas\/"},"modified":"2026-01-30T11:55:15","modified_gmt":"2026-01-30T11:55:15","slug":"ipurskimo-siurbliu-galvutes-bosch-komplektas","status":"publish","type":"product","link":"https:\/\/irankiuzona.lt\/ru\/product\/ipurskimo-siurbliu-galvutes-bosch-komplektas\/","title":{"rendered":"\u012epur\u0161kimo siurbli\u0173 galvut\u0117s, BOSCH komplektas"},"content":{"rendered":"<p>Specializuotos galvut\u0117s, pritaikytos reguliuoti tvirtinim\u0105, vo\u017etuvus ir kuro kiek\u012f BOSCH \u012fpur\u0161kimo siurbliuose. VAG su TDI \/ SDI varikliais.<br \/>\n7mm\u00a0galvut\u0117 EDC \u012fpur\u0161kimo siurblio dang\u010diui 1996-2003m. .<br \/>\n12,6 mm\u00a0galvut\u0117 VE \u012fpur\u0161kimo siurbliui, naudojamas tik Bosch \u012fpur\u0161kimo sistemose. 1\/2 \u201dkvadratin\u0117 VAG grup\u0117.<br \/>\nTrikamp\u0117 galvut\u0117, skirta atlaisvinti dangtelio var\u017eto ver\u017el\u0119.<br \/>\nTrikamp\u0117 galvut\u0117\u00a0dangtelio ver\u017elei atlaisvinti su ciferblato indikatoriumi.<br \/>\nGalvut\u0117\u00a0sl\u0117gio siurblio reguliavimo vo\u017etuvui VP37 tvirtinti<\/p>","protected":false},"excerpt":{"rendered":"<p>\u012epur\u0161kimo siurbli\u0173 galvut\u0117s, BOSCH komplektas<\/p>","protected":false},"featured_media":260756,"comment_status":"open","ping_status":"open","template":"","meta":[],"product_cat":[9825],"product_tag":[10131],"class_list":{"0":"post-260754","1":"product","2":"type-product","3":"status-publish","4":"has-post-thumbnail","6":"product_brand-asta-lenkija","7":"product_cat-irankiai-kuro-siurbliui","8":"product_tag-asta-lenkija","10":"first","11":"outofstock","12":"purchasable","13":"product-type-simple"},"jetpack_sharing_enabled":true,"_links":{"self":[{"href":"https:\/\/irankiuzona.lt\/ru\/wp-json\/wp\/v2\/product\/260754","targetHints":{"allow":["GET"]}}],"collection":[{"href":"https:\/\/irankiuzona.lt\/ru\/wp-json\/wp\/v2\/product"}],"about":[{"href":"https:\/\/irankiuzona.lt\/ru\/wp-json\/wp\/v2\/types\/product"}],"replies":[{"embeddable":true,"href":"https:\/\/irankiuzona.lt\/ru\/wp-json\/wp\/v2\/comments?post=260754"}],"version-history":[{"count":1,"href":"https:\/\/irankiuzona.lt\/ru\/wp-json\/wp\/v2\/product\/260754\/revisions"}],"predecessor-version":[{"id":422052,"href":"https:\/\/irankiuzona.lt\/ru\/wp-json\/wp\/v2\/product\/260754\/revisions\/422052"}],"wp:featuredmedia":[{"embeddable":true,"href":"https:\/\/irankiuzona.lt\/ru\/wp-json\/wp\/v2\/media\/260756"}],"wp:attachment":[{"href":"https:\/\/irankiuzona.lt\/ru\/wp-json\/wp\/v2\/media?parent=260754"}],"wp:term":[{"taxonomy":"product_cat","embeddable":true,"href":"https:\/\/irankiuzona.lt\/ru\/wp-json\/wp\/v2\/product_cat?post=260754"},{"taxonomy":"product_tag","embeddable":true,"href":"https:\/\/irankiuzona.lt\/ru\/wp-json\/wp\/v2\/product_tag?post=260754"}],"curies":[{"name":"wp","href":"https:\/\/api.w.org\/{rel}","templated":true}]}}