{"id":260757,"date":"2024-09-29T12:30:47","date_gmt":"2024-09-29T12:30:47","guid":{"rendered":"https:\/\/irankiuzona.lt\/product\/raktas-cv-plokscias-kilpa-sesiakampe-10mm\/"},"modified":"2026-04-21T14:46:33","modified_gmt":"2026-04-21T14:46:33","slug":"raktas-cv-plokscias-kilpa-sesiakampe-10mm","status":"publish","type":"product","link":"https:\/\/irankiuzona.lt\/ru\/product\/raktas-cv-plokscias-kilpa-sesiakampe-10mm\/","title":{"rendered":"Raktas CV plok\u0161\u010dias kilpa \u0161e\u0161iakamp\u0117 10mm"},"content":{"rendered":"","protected":false},"excerpt":{"rendered":"<p>Raktas CV plok\u0161\u010dias kilpa \u0161e\u0161iakamp\u0117 10mm<\/p>","protected":false},"featured_media":260759,"comment_status":"open","ping_status":"open","template":"","meta":[],"product_cat":[10038],"product_tag":[10131],"class_list":{"0":"post-260757","1":"product","2":"type-product","3":"status-publish","4":"has-post-thumbnail","6":"product_brand-asta-lenkija","7":"product_cat-kombinuoti-raktai-sesiakampe-kilpa","8":"product_tag-asta-lenkija","10":"first","11":"outofstock","12":"purchasable","13":"product-type-simple"},"jetpack_sharing_enabled":true,"_links":{"self":[{"href":"https:\/\/irankiuzona.lt\/ru\/wp-json\/wp\/v2\/product\/260757","targetHints":{"allow":["GET"]}}],"collection":[{"href":"https:\/\/irankiuzona.lt\/ru\/wp-json\/wp\/v2\/product"}],"about":[{"href":"https:\/\/irankiuzona.lt\/ru\/wp-json\/wp\/v2\/types\/product"}],"replies":[{"embeddable":true,"href":"https:\/\/irankiuzona.lt\/ru\/wp-json\/wp\/v2\/comments?post=260757"}],"version-history":[{"count":1,"href":"https:\/\/irankiuzona.lt\/ru\/wp-json\/wp\/v2\/product\/260757\/revisions"}],"predecessor-version":[{"id":422053,"href":"https:\/\/irankiuzona.lt\/ru\/wp-json\/wp\/v2\/product\/260757\/revisions\/422053"}],"wp:featuredmedia":[{"embeddable":true,"href":"https:\/\/irankiuzona.lt\/ru\/wp-json\/wp\/v2\/media\/260759"}],"wp:attachment":[{"href":"https:\/\/irankiuzona.lt\/ru\/wp-json\/wp\/v2\/media?parent=260757"}],"wp:term":[{"taxonomy":"product_cat","embeddable":true,"href":"https:\/\/irankiuzona.lt\/ru\/wp-json\/wp\/v2\/product_cat?post=260757"},{"taxonomy":"product_tag","embeddable":true,"href":"https:\/\/irankiuzona.lt\/ru\/wp-json\/wp\/v2\/product_tag?post=260757"}],"curies":[{"name":"wp","href":"https:\/\/api.w.org\/{rel}","templated":true}]}}