{"id":260784,"date":"2024-09-29T12:30:50","date_gmt":"2024-09-29T12:30:50","guid":{"rendered":"https:\/\/irankiuzona.lt\/product\/plokstuma-kebulo-nelygumams-atspindeti-pdr\/"},"modified":"2026-05-06T20:05:46","modified_gmt":"2026-05-06T20:05:46","slug":"plokstuma-kebulo-nelygumams-atspindeti-pdr","status":"publish","type":"product","link":"https:\/\/irankiuzona.lt\/ru\/product\/plokstuma-kebulo-nelygumams-atspindeti-pdr\/","title":{"rendered":"Plok\u0161tuma k\u0117bulo nelygumams atspind\u0117ti PDR"},"content":{"rendered":"<p>Su tvirtu siurbtuko pagrindu ir lanks\u010dia rankena \u0161i linijin\u0117 lenta gali b\u016bti pritvirtinta prie transporto priemon\u0117s \u012fvairiais kampais.<br \/>\nLentos dydis:<br \/>\n30x21x2,9 cm<\/p>","protected":false},"excerpt":{"rendered":"<p>Plok\u0161tuma k\u0117bulo nelygumams atspind\u0117ti PDR<\/p>","protected":false},"featured_media":260786,"comment_status":"open","ping_status":"open","template":"","meta":[],"product_cat":[9556],"product_tag":[10130],"class_list":{"0":"post-260784","1":"product","2":"type-product","3":"status-publish","4":"has-post-thumbnail","6":"product_brand-satra-lenkija","7":"product_cat-irankiai-kebulo-lyginimui","8":"product_tag-satra-lenkija","10":"first","11":"instock","12":"purchasable","13":"product-type-simple"},"jetpack_sharing_enabled":true,"_links":{"self":[{"href":"https:\/\/irankiuzona.lt\/ru\/wp-json\/wp\/v2\/product\/260784","targetHints":{"allow":["GET"]}}],"collection":[{"href":"https:\/\/irankiuzona.lt\/ru\/wp-json\/wp\/v2\/product"}],"about":[{"href":"https:\/\/irankiuzona.lt\/ru\/wp-json\/wp\/v2\/types\/product"}],"replies":[{"embeddable":true,"href":"https:\/\/irankiuzona.lt\/ru\/wp-json\/wp\/v2\/comments?post=260784"}],"version-history":[{"count":1,"href":"https:\/\/irankiuzona.lt\/ru\/wp-json\/wp\/v2\/product\/260784\/revisions"}],"predecessor-version":[{"id":422062,"href":"https:\/\/irankiuzona.lt\/ru\/wp-json\/wp\/v2\/product\/260784\/revisions\/422062"}],"wp:featuredmedia":[{"embeddable":true,"href":"https:\/\/irankiuzona.lt\/ru\/wp-json\/wp\/v2\/media\/260786"}],"wp:attachment":[{"href":"https:\/\/irankiuzona.lt\/ru\/wp-json\/wp\/v2\/media?parent=260784"}],"wp:term":[{"taxonomy":"product_cat","embeddable":true,"href":"https:\/\/irankiuzona.lt\/ru\/wp-json\/wp\/v2\/product_cat?post=260784"},{"taxonomy":"product_tag","embeddable":true,"href":"https:\/\/irankiuzona.lt\/ru\/wp-json\/wp\/v2\/product_tag?post=260784"}],"curies":[{"name":"wp","href":"https:\/\/api.w.org\/{rel}","templated":true}]}}