{"id":260790,"date":"2024-09-29T12:30:51","date_gmt":"2024-09-29T12:30:51","guid":{"rendered":"https:\/\/irankiuzona.lt\/product\/elastiniu-dirzu-montavimo-komplektas-universalus\/"},"modified":"2026-05-16T10:53:02","modified_gmt":"2026-05-16T10:53:02","slug":"elastiniu-dirzu-montavimo-komplektas-universalus","status":"publish","type":"product","link":"https:\/\/irankiuzona.lt\/ru\/product\/elastiniu-dirzu-montavimo-komplektas-universalus\/","title":{"rendered":"Elastini\u0173 dir\u017e\u0173 montavimo komplektas, universalus"},"content":{"rendered":"<p>\u012erankiai, skirti surinkti ir i\u0161ardyti dir\u017eus, randami \u0161iuolaikin\u0117se automobili\u0173 sistemose, ty generatoriuje ir vairo stiprintuve.<br \/>\nKomplektas tinka vis\u0173 populiari\u0173 marki\u0173 automobiliams: Alfa Romeo, BMW, Citroen, Chrysler, Fiat, Ford, Mazda, Opel, Peugeot, Renault, Seat, Skoda, Smart, VW ir Volvo.<\/p>\n<p>BMW:\u00a0118, 120, 318, 320, 325, 330, 335, 520, 525, 530, 535, 635, 730, X3, X5<br \/>\nChrysler: Grand Voyager, Voyager<br \/>\nCitroen: C2, C3, C4, Jumper, Relay<br \/>\nFiat: Albea, Doblo, Ducato, Fiorino, Fiorino Qubo, Linea, Palio, Siena, Stilo, Strada Pick Up<br \/>\nFord: C-Max, Focus, Focus C-Max, Mondeo, Tourneo, Transit<br \/>\nIveco: Daily<br \/>\nMazda: 3, 5, Axela<br \/>\nMercedes-Benz: Sprinter, Viano, Vito<br \/>\nPeugeot: 206, 207, 307, Boxer<br \/>\nVolvo: C30, S40, V50<\/p>\n<p>Varikliai:<\/p>\n<p>BMW: 2.0D M47N, 2.5D M57N256D2, 3.0D M57N, N57N, M57306D3, M57306D4, M57306D5, M57D30A, M57N206D3, M57N2306D3, M57N306D2, M57N306D3, M57N306D5, N57N306D2, N57N306D3, SFT004<br \/>\nChrysler: 2.5D EDK, ENC, ENJ, 2.8D ENR<br \/>\nCitroen: 1.4D DV4TD, DV4ATED, DV4ATED4, 1.6D DV6ATED4, DV6TED4, 2.2D 22DT, 3.0D F30D<br \/>\nFiat: 1.6 182B6000, 1.3JTD 188A, 199A, 223A, 2.2D 4HV, 3D F1AE, 3.0D F1ACE<br \/>\nFord: 1.4 C14HDEZ, ZH14ASDA, 1.6 C16HDDZ, C16HDEZ, ZH16HWDA, ZH16HXDA1.8 C18HDEA, ZH18CSDA, ZH18Q7DA, ZH18Q7DE, ZH18Q7FA, ZH18QQDA, ZH18QQDB, 2.0 C20HDEA, C20HDEH, ZH20AODA, ZH20AODB, ZH20HDEA 2.0D ABFA, ABFB, D3FA, F3FA, FIFA, 2.2D P8FA, PGFA, QVFA, QWFA<br \/>\nIveco: 2.3D F1AE, 3.0D F1CE<br \/>\nMazda: 1.8 L823, 2.0 LF50, LF5H, LF5W, LF72, LFD7, LFF7, LFN7, LFN8, LFZ2<br \/>\nMercedes-Benz: 3.0D 642990, 642992, 642993 razem z GAT4843<br \/>\nPeugeot: 1.4D DV4TD, DV4ATED, DV4ATED41.6D DV6ATED4, DV6TED4, 2.2D 22DT, 3.0D F30DT<br \/>\nVolvo: 1.6 B4164S3, 1.8 B4118S8, B4184S11, 2.0 B4204S3<\/p>","protected":false},"excerpt":{"rendered":"<p>Elastini\u0173 dir\u017e\u0173 montavimo komplektas, universalus<\/p>","protected":false},"featured_media":260792,"comment_status":"open","ping_status":"open","template":"","meta":[],"product_cat":[9749],"product_tag":[10130],"class_list":{"0":"post-260790","1":"product","2":"type-product","3":"status-publish","4":"has-post-thumbnail","6":"product_brand-satra-lenkija","7":"product_cat-irankiai-elastiniems-dirzams","8":"product_tag-satra-lenkija","10":"first","11":"instock","12":"purchasable","13":"product-type-simple"},"jetpack_sharing_enabled":true,"_links":{"self":[{"href":"https:\/\/irankiuzona.lt\/ru\/wp-json\/wp\/v2\/product\/260790","targetHints":{"allow":["GET"]}}],"collection":[{"href":"https:\/\/irankiuzona.lt\/ru\/wp-json\/wp\/v2\/product"}],"about":[{"href":"https:\/\/irankiuzona.lt\/ru\/wp-json\/wp\/v2\/types\/product"}],"replies":[{"embeddable":true,"href":"https:\/\/irankiuzona.lt\/ru\/wp-json\/wp\/v2\/comments?post=260790"}],"version-history":[{"count":1,"href":"https:\/\/irankiuzona.lt\/ru\/wp-json\/wp\/v2\/product\/260790\/revisions"}],"predecessor-version":[{"id":422064,"href":"https:\/\/irankiuzona.lt\/ru\/wp-json\/wp\/v2\/product\/260790\/revisions\/422064"}],"wp:featuredmedia":[{"embeddable":true,"href":"https:\/\/irankiuzona.lt\/ru\/wp-json\/wp\/v2\/media\/260792"}],"wp:attachment":[{"href":"https:\/\/irankiuzona.lt\/ru\/wp-json\/wp\/v2\/media?parent=260790"}],"wp:term":[{"taxonomy":"product_cat","embeddable":true,"href":"https:\/\/irankiuzona.lt\/ru\/wp-json\/wp\/v2\/product_cat?post=260790"},{"taxonomy":"product_tag","embeddable":true,"href":"https:\/\/irankiuzona.lt\/ru\/wp-json\/wp\/v2\/product_tag?post=260790"}],"curies":[{"name":"wp","href":"https:\/\/api.w.org\/{rel}","templated":true}]}}