{"id":260834,"date":"2024-09-29T12:30:55","date_gmt":"2024-09-29T12:30:55","guid":{"rendered":"https:\/\/irankiuzona.lt\/product\/prof-irankiu-vezimelis-7stalciu-be-irankiu\/"},"modified":"2026-05-16T17:05:40","modified_gmt":"2026-05-16T17:05:40","slug":"prof-irankiu-vezimelis-7stalciu-be-irankiu","status":"publish","type":"product","link":"https:\/\/irankiuzona.lt\/ru\/product\/prof-irankiu-vezimelis-7stalciu-be-irankiu\/","title":{"rendered":"Prof. \u012franki\u0173 ve\u017eim\u0117lis 7stal\u010di\u0173, be \u012franki\u0173"},"content":{"rendered":"<p>Apie ve\u017eim\u0117l\u012f:<br \/>\n7 stal\u010diai (6 plok\u0161ti, 1 didelis)stalvir\u0161is su 10 mm putplas\u010diutalpa vienam stal\u010diui: 25 kgstal\u010diai i\u0161traukiami 100%centrinis u\u017eraktas su 2 rakteliaisabi \u0161onin\u0117s plok\u0161t\u0117s su kvadrato formos skylu\u010di\u0173 ra\u0161tugalimas rankenos prisukimas i\u0161 abiej\u0173 pusi\u0173bendra keliamoji galia: 300 kg2 pasukami ratukai su stabd\u017eiu (\u00f8 125 mm), 2 fiksuoti ratukai (\u00f8 125 mm)vidiniai plok\u0161\u010di\u0173 stal\u010di\u0173 i\u0161matavimai: 75 x 570 x 400 mm (auk\u0161tis x ilgis x plotis)vidiniai i\u0161matavimai didelio stal\u010diaus: 150 x 570 x 400 mm (auk\u0161tis x ilgis x plotis)ve\u017eim\u0117lio matmenys: 935 x 682 x 460 mm (auk\u0161tis x ilgis x plotis)svoris (tu\u0161\u010dias): 47 kg<\/p>","protected":false},"excerpt":{"rendered":"<p>Prof. \u012franki\u0173 ve\u017eim\u0117lis 7stal\u010di\u0173, be \u012franki\u0173<\/p>","protected":false},"featured_media":260836,"comment_status":"open","ping_status":"closed","template":"","meta":[],"product_cat":[9943],"product_tag":[9462],"class_list":{"0":"post-260834","1":"product","2":"type-product","3":"status-publish","4":"has-post-thumbnail","6":"product_brand-condor-werkzeug-vokietija","7":"product_cat-vezimeliai-irankiu-spintos","8":"product_tag-condor-werkzeug-vokietija","10":"first","11":"instock","12":"sale","13":"purchasable","14":"product-type-simple"},"jetpack_sharing_enabled":true,"_links":{"self":[{"href":"https:\/\/irankiuzona.lt\/ru\/wp-json\/wp\/v2\/product\/260834","targetHints":{"allow":["GET"]}}],"collection":[{"href":"https:\/\/irankiuzona.lt\/ru\/wp-json\/wp\/v2\/product"}],"about":[{"href":"https:\/\/irankiuzona.lt\/ru\/wp-json\/wp\/v2\/types\/product"}],"replies":[{"embeddable":true,"href":"https:\/\/irankiuzona.lt\/ru\/wp-json\/wp\/v2\/comments?post=260834"}],"version-history":[{"count":1,"href":"https:\/\/irankiuzona.lt\/ru\/wp-json\/wp\/v2\/product\/260834\/revisions"}],"predecessor-version":[{"id":422079,"href":"https:\/\/irankiuzona.lt\/ru\/wp-json\/wp\/v2\/product\/260834\/revisions\/422079"}],"wp:featuredmedia":[{"embeddable":true,"href":"https:\/\/irankiuzona.lt\/ru\/wp-json\/wp\/v2\/media\/260836"}],"wp:attachment":[{"href":"https:\/\/irankiuzona.lt\/ru\/wp-json\/wp\/v2\/media?parent=260834"}],"wp:term":[{"taxonomy":"product_cat","embeddable":true,"href":"https:\/\/irankiuzona.lt\/ru\/wp-json\/wp\/v2\/product_cat?post=260834"},{"taxonomy":"product_tag","embeddable":true,"href":"https:\/\/irankiuzona.lt\/ru\/wp-json\/wp\/v2\/product_tag?post=260834"}],"curies":[{"name":"wp","href":"https:\/\/api.w.org\/{rel}","templated":true}]}}