{"id":260864,"date":"2024-09-29T12:30:58","date_gmt":"2024-09-29T12:30:58","guid":{"rendered":"https:\/\/irankiuzona.lt\/product\/prof-irankiu-vezimelis-8stalciu-su-308-irankiais\/"},"modified":"2026-04-03T18:45:28","modified_gmt":"2026-04-03T18:45:28","slug":"prof-irankiu-vezimelis-8stalciu-su-308-irankiais","status":"publish","type":"product","link":"https:\/\/irankiuzona.lt\/ru\/product\/prof-irankiu-vezimelis-8stalciu-su-308-irankiais\/","title":{"rendered":"Prof. \u012franki\u0173 ve\u017eim\u0117lis 8stal\u010di\u0173, su 308 \u012frankiais"},"content":{"rendered":"<p>\u0160io ve\u017eim\u0117lio \u012franki\u0173 rinkiniai pavaizduoti \u0161ios prek\u0117s paveiksl\u0117liuose. (308 \u012frankiai)<br \/>\nApie ve\u017eim\u0117l\u012f:<br \/>\n8 stal\u010diai (7 plok\u0161ti, 1 didelis)Ner\u016bdijan\u010dio plieno stalvir\u0161is su buteliuk\u0173 laikikliais ir skyreliais smulkioms dalimsVieno stal\u010diaus apkrova: 40 kgStal\u010diai i\u0161traukiami 100%Centrinis u\u017eraktas su 2 rakteliaisabi \u0161onin\u0117s plok\u0161t\u0117s su kvadrato formos skylu\u010di\u0173 ra\u0161tui\u0161tisin\u0117 briaun\u0173 apsauga kampuoseBendra keliamoji galia: 500 kg2 pasukami ratukai su stabd\u017eiu \u00f8 125 mm, 2 fiksuoti ratukai \u00f8 125 mmVidiniai plok\u0161\u010dio stal\u010diaus matmenys: 75 x 568 x 398 mm (auk\u0161tis, ilgis, plotis)Vidiniai i\u0161matavimai didelio stal\u010diaus: 150 x 568 x 398 mm (auk\u0161tis, ilgis, plotis)Ve\u017eim\u0117lio matmenys: 957 x 678 x 459 mm (auk\u0161tis, ilgis, plotis)Svoris (tu\u0161\u010dias): 56 kg<\/p>","protected":false},"excerpt":{"rendered":"<p>Prof. \u012franki\u0173 ve\u017eim\u0117lis 8stal\u010di\u0173, su 308 \u012frankiais<\/p>","protected":false},"featured_media":260866,"comment_status":"open","ping_status":"open","template":"","meta":[],"product_cat":[9943],"product_tag":[9462],"class_list":{"0":"post-260864","1":"product","2":"type-product","3":"status-publish","4":"has-post-thumbnail","6":"product_brand-condor-werkzeug-vokietija","7":"product_cat-vezimeliai-irankiu-spintos","8":"product_tag-condor-werkzeug-vokietija","10":"first","11":"outofstock","12":"purchasable","13":"product-type-simple"},"jetpack_sharing_enabled":true,"_links":{"self":[{"href":"https:\/\/irankiuzona.lt\/ru\/wp-json\/wp\/v2\/product\/260864","targetHints":{"allow":["GET"]}}],"collection":[{"href":"https:\/\/irankiuzona.lt\/ru\/wp-json\/wp\/v2\/product"}],"about":[{"href":"https:\/\/irankiuzona.lt\/ru\/wp-json\/wp\/v2\/types\/product"}],"replies":[{"embeddable":true,"href":"https:\/\/irankiuzona.lt\/ru\/wp-json\/wp\/v2\/comments?post=260864"}],"version-history":[{"count":0,"href":"https:\/\/irankiuzona.lt\/ru\/wp-json\/wp\/v2\/product\/260864\/revisions"}],"wp:featuredmedia":[{"embeddable":true,"href":"https:\/\/irankiuzona.lt\/ru\/wp-json\/wp\/v2\/media\/260866"}],"wp:attachment":[{"href":"https:\/\/irankiuzona.lt\/ru\/wp-json\/wp\/v2\/media?parent=260864"}],"wp:term":[{"taxonomy":"product_cat","embeddable":true,"href":"https:\/\/irankiuzona.lt\/ru\/wp-json\/wp\/v2\/product_cat?post=260864"},{"taxonomy":"product_tag","embeddable":true,"href":"https:\/\/irankiuzona.lt\/ru\/wp-json\/wp\/v2\/product_tag?post=260864"}],"curies":[{"name":"wp","href":"https:\/\/api.w.org\/{rel}","templated":true}]}}