{"id":260873,"date":"2024-09-29T12:30:59","date_gmt":"2024-09-29T12:30:59","guid":{"rendered":"https:\/\/irankiuzona.lt\/product\/lazerinis-nivelyras-15-30m-hoegert-ht4m072\/"},"modified":"2026-04-14T14:36:01","modified_gmt":"2026-04-14T14:36:01","slug":"lazerinis-nivelyras-15-30m-hoegert-ht4m072","status":"publish","type":"product","link":"https:\/\/irankiuzona.lt\/ru\/product\/lazerinis-nivelyras-15-30m-hoegert-ht4m072\/","title":{"rendered":"Lazerinis nivelyras 15-30m \/ HOEGERT HT4M072"},"content":{"rendered":"<p>Profesionalus, savaime i\u0161silyginantis 3D lazerinis nivelyras, skirtas tiksliai nustatyti vertikalias ir horizontalias linijas lazeriu. Jo taikymas u\u017etikrina auk\u0161\u010diausi\u0105 matavimo tikslum\u0105 ir klaid\u0173 pa\u0161alinim\u0105\u00a0statybos, apdailos, surinkimo, montavimo ir renovaciniuose darbuose. Jis taip pat taikomas dekoravimo darbams, pvz. pakabinamoms lentynoms ar paveikslams.\u00a0\u012erenginys\u00a0naudojamas tiek viduje, tiek lauke.. didelis savaiminio i\u0161silyginimo tikslumas +\/- 4\u00b0, (rankinis reguliavimas nereikalingas);. darbo diapazonas: 15-30 m;. raudonas lazerio spindulys u\u017etikrina ai\u0161kum\u0105;. savaime i\u0161silyginantis\u00a0lazeris padidina darbo na\u0161um\u0105;. 3 matavimo parinktys: horizontalus; \u0161oninis vertikalus; ir 360\u00b0 horizontalus &#8211;\u00a0\u0161oninis vertikalus;. matavimo tikslumas 0,5 mm\/m lygyje;. lazerio bangos ilgis 635 ~ 660 Nm;. II tikslumo klas\u0117;. 1\/4\u201d trikojo laikiklio sriegis;. IP54 u\u017etikrins apsaug\u0105 nuo dulki\u0173 ir vandens;. darbo laikas iki 10 valand\u0173;. maitinamas 4 x AA 1,5 V baterijomis;. kompakti\u0161kas dydis ir ma\u017eas svoris u\u017etikrina lengv\u0105 nivelyro laikym\u0105 ir transportavim\u0105;. supakuotas \u012f prakti\u0161k\u0105 d\u0117kl\u0105, kuris apsaugo gamin\u012f nuo ne\u0161varum\u0173 ir pa\u017eeidim\u0173.<\/p>","protected":false},"excerpt":{"rendered":"<p>Lazerinis nivelyras 15-30m<\/p>","protected":false},"featured_media":260875,"comment_status":"open","ping_status":"open","template":"","meta":[],"product_cat":[9973],"product_tag":[9969],"class_list":{"0":"post-260873","1":"product","2":"type-product","3":"status-publish","4":"has-post-thumbnail","6":"product_brand-hogert-technik-vokietija","7":"product_cat-lazeriniai-matuokliai","8":"product_tag-hogert-technik-vokietija","10":"first","11":"instock","12":"purchasable","13":"product-type-simple"},"jetpack_sharing_enabled":true,"_links":{"self":[{"href":"https:\/\/irankiuzona.lt\/ru\/wp-json\/wp\/v2\/product\/260873","targetHints":{"allow":["GET"]}}],"collection":[{"href":"https:\/\/irankiuzona.lt\/ru\/wp-json\/wp\/v2\/product"}],"about":[{"href":"https:\/\/irankiuzona.lt\/ru\/wp-json\/wp\/v2\/types\/product"}],"replies":[{"embeddable":true,"href":"https:\/\/irankiuzona.lt\/ru\/wp-json\/wp\/v2\/comments?post=260873"}],"version-history":[{"count":1,"href":"https:\/\/irankiuzona.lt\/ru\/wp-json\/wp\/v2\/product\/260873\/revisions"}],"predecessor-version":[{"id":422092,"href":"https:\/\/irankiuzona.lt\/ru\/wp-json\/wp\/v2\/product\/260873\/revisions\/422092"}],"wp:featuredmedia":[{"embeddable":true,"href":"https:\/\/irankiuzona.lt\/ru\/wp-json\/wp\/v2\/media\/260875"}],"wp:attachment":[{"href":"https:\/\/irankiuzona.lt\/ru\/wp-json\/wp\/v2\/media?parent=260873"}],"wp:term":[{"taxonomy":"product_cat","embeddable":true,"href":"https:\/\/irankiuzona.lt\/ru\/wp-json\/wp\/v2\/product_cat?post=260873"},{"taxonomy":"product_tag","embeddable":true,"href":"https:\/\/irankiuzona.lt\/ru\/wp-json\/wp\/v2\/product_tag?post=260873"}],"curies":[{"name":"wp","href":"https:\/\/api.w.org\/{rel}","templated":true}]}}