{"id":260876,"date":"2024-09-29T12:30:59","date_gmt":"2024-09-29T12:30:59","guid":{"rendered":"https:\/\/irankiuzona.lt\/product\/trikojis-stovas-nivelyrams-teleskopinis-35-105cm-hoegert-ht4m079\/"},"modified":"2026-04-14T23:18:35","modified_gmt":"2026-04-14T23:18:35","slug":"trikojis-stovas-nivelyrams-teleskopinis-35-105cm-hoegert-ht4m079","status":"publish","type":"product","link":"https:\/\/irankiuzona.lt\/ru\/product\/trikojis-stovas-nivelyrams-teleskopinis-35-105cm-hoegert-ht4m079\/","title":{"rendered":"Trikojis stovas nivelyrams, teleskopinis 35-105cm. \/ HOEGERT HT4M079"},"content":{"rendered":"<p>Trikojis leid\u017eia daug lengviau atlikti matavimus naudojant lazerin\u012f nivelyr\u0105. Trikojo naudojimaspapildomai garantuoja auk\u0161\u010diausi\u0105 matavimo tikslum\u0105 ir klaid\u0173 pa\u0161alinim\u0105\u00a0statyb\u0173, apdailos, surinkimo ar montavimo darbuose. Naudojamas tiek viduje, tiek lauke.. pagamintas i\u0161 lengvo ir kartu patvaraus aliuminio;. reguliuojamas auk\u0161tis nuo 35 iki 105 cm;. 1\/4\u201d jungties sriegis nivelyrams;. tikslus\u00a0trikojo pad\u0117ties nustatymas;. kompakti\u0161kas dydis po sulankstymo ir ma\u017eas svoris u\u017etikrina lengv\u0105 transportavim\u0105 ir sand\u0117liavim\u0105.<\/p>","protected":false},"excerpt":{"rendered":"<p>Trikojis stovas nivelyrams, teleskopinis 35-105cm.<\/p>","protected":false},"featured_media":260878,"comment_status":"open","ping_status":"open","template":"","meta":[],"product_cat":[9973],"product_tag":[9969],"class_list":{"0":"post-260876","1":"product","2":"type-product","3":"status-publish","4":"has-post-thumbnail","6":"product_brand-hogert-technik-vokietija","7":"product_cat-lazeriniai-matuokliai","8":"product_tag-hogert-technik-vokietija","10":"first","11":"instock","12":"purchasable","13":"product-type-simple"},"jetpack_sharing_enabled":true,"_links":{"self":[{"href":"https:\/\/irankiuzona.lt\/ru\/wp-json\/wp\/v2\/product\/260876","targetHints":{"allow":["GET"]}}],"collection":[{"href":"https:\/\/irankiuzona.lt\/ru\/wp-json\/wp\/v2\/product"}],"about":[{"href":"https:\/\/irankiuzona.lt\/ru\/wp-json\/wp\/v2\/types\/product"}],"replies":[{"embeddable":true,"href":"https:\/\/irankiuzona.lt\/ru\/wp-json\/wp\/v2\/comments?post=260876"}],"version-history":[{"count":1,"href":"https:\/\/irankiuzona.lt\/ru\/wp-json\/wp\/v2\/product\/260876\/revisions"}],"predecessor-version":[{"id":422093,"href":"https:\/\/irankiuzona.lt\/ru\/wp-json\/wp\/v2\/product\/260876\/revisions\/422093"}],"wp:featuredmedia":[{"embeddable":true,"href":"https:\/\/irankiuzona.lt\/ru\/wp-json\/wp\/v2\/media\/260878"}],"wp:attachment":[{"href":"https:\/\/irankiuzona.lt\/ru\/wp-json\/wp\/v2\/media?parent=260876"}],"wp:term":[{"taxonomy":"product_cat","embeddable":true,"href":"https:\/\/irankiuzona.lt\/ru\/wp-json\/wp\/v2\/product_cat?post=260876"},{"taxonomy":"product_tag","embeddable":true,"href":"https:\/\/irankiuzona.lt\/ru\/wp-json\/wp\/v2\/product_tag?post=260876"}],"curies":[{"name":"wp","href":"https:\/\/api.w.org\/{rel}","templated":true}]}}