{"id":261174,"date":"2024-09-29T12:40:30","date_gmt":"2024-09-29T12:40:30","guid":{"rendered":"https:\/\/irankiuzona.lt\/product\/freza-pirstukine-medziui-615708-mm\/"},"modified":"2026-04-16T17:16:19","modified_gmt":"2026-04-16T17:16:19","slug":"freza-pirstukine-medziui-615708-mm","status":"publish","type":"product","link":"https:\/\/irankiuzona.lt\/ru\/product\/freza-pirstukine-medziui-615708-mm\/","title":{"rendered":"Freza pir\u0161tukin\u0117 med\u017eiui 6*15*70*8 mm"},"content":{"rendered":"<p>Freza pir\u0161tukin\u0117 med\u017eiui 6*15*70*8 mm<\/p>","protected":false},"excerpt":{"rendered":"<p>Freza pir\u0161tukin\u0117 med\u017eiui 6*15*70*8 mm<\/p>","protected":false},"featured_media":261176,"comment_status":"open","ping_status":"open","template":"","meta":[],"product_cat":[9458],"product_tag":[9478],"class_list":{"0":"post-261174","1":"product","2":"type-product","3":"status-publish","4":"has-post-thumbnail","6":"product_brand-leman-prancuzija","7":"product_cat-medzio-frezos","8":"product_tag-leman-prancuzija","10":"first","11":"instock","12":"purchasable","13":"product-type-simple"},"jetpack_sharing_enabled":true,"_links":{"self":[{"href":"https:\/\/irankiuzona.lt\/ru\/wp-json\/wp\/v2\/product\/261174","targetHints":{"allow":["GET"]}}],"collection":[{"href":"https:\/\/irankiuzona.lt\/ru\/wp-json\/wp\/v2\/product"}],"about":[{"href":"https:\/\/irankiuzona.lt\/ru\/wp-json\/wp\/v2\/types\/product"}],"replies":[{"embeddable":true,"href":"https:\/\/irankiuzona.lt\/ru\/wp-json\/wp\/v2\/comments?post=261174"}],"version-history":[{"count":1,"href":"https:\/\/irankiuzona.lt\/ru\/wp-json\/wp\/v2\/product\/261174\/revisions"}],"predecessor-version":[{"id":422192,"href":"https:\/\/irankiuzona.lt\/ru\/wp-json\/wp\/v2\/product\/261174\/revisions\/422192"}],"wp:featuredmedia":[{"embeddable":true,"href":"https:\/\/irankiuzona.lt\/ru\/wp-json\/wp\/v2\/media\/261176"}],"wp:attachment":[{"href":"https:\/\/irankiuzona.lt\/ru\/wp-json\/wp\/v2\/media?parent=261174"}],"wp:term":[{"taxonomy":"product_cat","embeddable":true,"href":"https:\/\/irankiuzona.lt\/ru\/wp-json\/wp\/v2\/product_cat?post=261174"},{"taxonomy":"product_tag","embeddable":true,"href":"https:\/\/irankiuzona.lt\/ru\/wp-json\/wp\/v2\/product_tag?post=261174"}],"curies":[{"name":"wp","href":"https:\/\/api.w.org\/{rel}","templated":true}]}}