{"id":261189,"date":"2024-09-29T12:40:32","date_gmt":"2024-09-29T12:40:32","guid":{"rendered":"https:\/\/irankiuzona.lt\/product\/tepalo-surinkimo-isleidimo-stovas\/"},"modified":"2026-04-16T14:37:52","modified_gmt":"2026-04-16T14:37:52","slug":"tepalo-surinkimo-isleidimo-stovas","status":"publish","type":"product","link":"https:\/\/irankiuzona.lt\/ru\/product\/tepalo-surinkimo-isleidimo-stovas\/","title":{"rendered":"Tepalo surinkimo\/i\u0161leidimo stovas"},"content":{"rendered":"<p>Automobilinis tepal\u0173 dekanteris leid\u017eia aptarnauti ne tik tepal\u0173 keitimus, bet ir visus kitus automobilio skys\u010dius. Labai paprasta ir funkcionali konstrukcija leid\u017eia efektyviai ir greitai pakeisti skys\u010dius tiesiai \u012f talpykl\u0105.<\/p>","protected":false},"excerpt":{"rendered":"<p>Tepalo surinkimo\/i\u0161leidimo stovas<\/p>","protected":false},"featured_media":261191,"comment_status":"open","ping_status":"open","template":"","meta":[],"product_cat":[10031],"product_tag":[10151],"class_list":{"0":"post-261189","1":"product","2":"type-product","3":"status-publish","4":"has-post-thumbnail","6":"product_brand-lenkija-tiekejas","7":"product_cat-tepalo-uzpildymo-surinkimo-iranga-talpos-tepalams","8":"product_tag-lenkija-tiekejas","10":"first","11":"outofstock","12":"purchasable","13":"product-type-simple"},"jetpack_sharing_enabled":true,"_links":{"self":[{"href":"https:\/\/irankiuzona.lt\/ru\/wp-json\/wp\/v2\/product\/261189","targetHints":{"allow":["GET"]}}],"collection":[{"href":"https:\/\/irankiuzona.lt\/ru\/wp-json\/wp\/v2\/product"}],"about":[{"href":"https:\/\/irankiuzona.lt\/ru\/wp-json\/wp\/v2\/types\/product"}],"replies":[{"embeddable":true,"href":"https:\/\/irankiuzona.lt\/ru\/wp-json\/wp\/v2\/comments?post=261189"}],"version-history":[{"count":1,"href":"https:\/\/irankiuzona.lt\/ru\/wp-json\/wp\/v2\/product\/261189\/revisions"}],"predecessor-version":[{"id":422197,"href":"https:\/\/irankiuzona.lt\/ru\/wp-json\/wp\/v2\/product\/261189\/revisions\/422197"}],"wp:featuredmedia":[{"embeddable":true,"href":"https:\/\/irankiuzona.lt\/ru\/wp-json\/wp\/v2\/media\/261191"}],"wp:attachment":[{"href":"https:\/\/irankiuzona.lt\/ru\/wp-json\/wp\/v2\/media?parent=261189"}],"wp:term":[{"taxonomy":"product_cat","embeddable":true,"href":"https:\/\/irankiuzona.lt\/ru\/wp-json\/wp\/v2\/product_cat?post=261189"},{"taxonomy":"product_tag","embeddable":true,"href":"https:\/\/irankiuzona.lt\/ru\/wp-json\/wp\/v2\/product_tag?post=261189"}],"curies":[{"name":"wp","href":"https:\/\/api.w.org\/{rel}","templated":true}]}}