{"id":261203,"date":"2024-09-29T12:40:33","date_gmt":"2024-09-29T12:40:33","guid":{"rendered":"https:\/\/irankiuzona.lt\/product\/irankiai-generatoriaus-remontui-30daliu\/"},"modified":"2026-05-16T13:51:40","modified_gmt":"2026-05-16T13:51:40","slug":"irankiai-generatoriaus-remontui-30daliu","status":"publish","type":"product","link":"https:\/\/irankiuzona.lt\/ru\/product\/irankiai-generatoriaus-remontui-30daliu\/","title":{"rendered":"\u012erankiai generatoriaus remontui 30dali\u0173"},"content":{"rendered":"<p>Rinkin\u012f sudaro 30 element\u0173:\u2219 bitai\u2219 adapteriai\u2219 specializuoti ki\u0161tukiniai lizdai\u2219 smeigtukai<\/p>\n<p>\u2219 1 x M10 antgalio lizdas: 120 mm\u00a0\u2219 1 x M10 antgalio lizdas: 140 mm\u00a0\u2219 1 x M10 antgalis, 14 mm \u0161e\u0161iakampis: 63 mm\u2219 1 x 3\/8 &quot;Dr. M10 antgalio lizdas su 31T: 90 mm\u2219 1 x 8 mm \u0161e\u0161iakampis antgalis: 120 mm\u00a0\u2219 1 x T50 TX-Star Bit lizdas: 120 mm\u00a0\u2219 2 x 75 mm (L.) Antgalis: M8-M10\u2219 2 x 75 mm (L.) TX-Star antgalis: T40-T50\u2219 2 x 10 mm \u0161e\u0161iakampis. H10 antgalis: 50 mm, 70 mm\u00a0\u2219 1 x 33T generatoriaus ver\u017el\u0117 &#8211; 15 mm \u0161e\u0161iakamp\u0117.\u2219 1 x 33T generatoriaus ver\u017el\u0117 &#8211; 15 mm \u0161e\u0161iakamp\u0117.\u2219 1 x 33T generatoriaus ver\u017el\u0117 \u2013 17 mm \u0161e\u0161iakamp\u0117.\u2219 1 x 33T generatoriaus ver\u017el\u0117 \u2013 22 mm \u0161e\u0161iakamp\u0117.\u2219 1 x 17 mm \u0161e\u0161iakamp\u0117 generatoriaus ver\u017el\u0117 \u2013 vidinis dydis: 14 mm\u2219 1 x 1\/4 &quot;Dr. 10mm Hex\u2219 1 x 17 mm \u0161e\u0161iakamp\u0117 generatoriaus ver\u017el\u0117\u2219 1 x 22 mm \u0161e\u0161iakamp\u0117 generatoriaus ver\u017el\u0117\u2219 1 x 28 mm x 22 mm \u0161e\u0161iakamp\u0117 generatoriaus ver\u017el\u0117\u2219 1 x 28 mm x 21 mm \u0161e\u0161iakamp\u0117 generatoriaus ver\u017el\u0117\u2219 1 x 28 mm x 19 mm \u0161e\u0161iakamp\u0117 generatoriaus ver\u017el\u0117\u2219 1 x 17 mm x 19 mm \u0161e\u0161iakamp\u0117 generatoriaus ver\u017el\u0117\u2219 1 x 17 mm x 21 mm \u0161e\u0161iakamp\u0117 generatoriaus ver\u017el\u0117\u2219 1 x 4 ta\u0161k\u0173 generatoriaus ver\u017el\u0117 su 17 mm \u0161e\u0161iakampe.\u2219 1 x 3 ta\u0161k\u0173 generatoriaus ver\u017el\u0117 su 38 mm \u0161e\u0161iakampe.\u2219 1 x 1\/2 &quot;Dr. x 10mm Hex. Antgali\u0173 laikiklis<\/p>","protected":false},"excerpt":{"rendered":"<p>\u012erankiai generatoriaus remontui 30dali\u0173<\/p>","protected":false},"featured_media":194068,"comment_status":"open","ping_status":"open","template":"","meta":[],"product_cat":[9544],"product_tag":[10151],"class_list":{"0":"post-261203","1":"product","2":"type-product","3":"status-publish","4":"has-post-thumbnail","6":"product_brand-lenkija-tiekejas","7":"product_cat-irankiai-generatoriaus-remontui","8":"product_tag-lenkija-tiekejas","10":"first","11":"outofstock","12":"purchasable","13":"product-type-simple"},"jetpack_sharing_enabled":true,"_links":{"self":[{"href":"https:\/\/irankiuzona.lt\/ru\/wp-json\/wp\/v2\/product\/261203","targetHints":{"allow":["GET"]}}],"collection":[{"href":"https:\/\/irankiuzona.lt\/ru\/wp-json\/wp\/v2\/product"}],"about":[{"href":"https:\/\/irankiuzona.lt\/ru\/wp-json\/wp\/v2\/types\/product"}],"replies":[{"embeddable":true,"href":"https:\/\/irankiuzona.lt\/ru\/wp-json\/wp\/v2\/comments?post=261203"}],"version-history":[{"count":1,"href":"https:\/\/irankiuzona.lt\/ru\/wp-json\/wp\/v2\/product\/261203\/revisions"}],"predecessor-version":[{"id":422202,"href":"https:\/\/irankiuzona.lt\/ru\/wp-json\/wp\/v2\/product\/261203\/revisions\/422202"}],"wp:featuredmedia":[{"embeddable":true,"href":"https:\/\/irankiuzona.lt\/ru\/wp-json\/wp\/v2\/media\/194068"}],"wp:attachment":[{"href":"https:\/\/irankiuzona.lt\/ru\/wp-json\/wp\/v2\/media?parent=261203"}],"wp:term":[{"taxonomy":"product_cat","embeddable":true,"href":"https:\/\/irankiuzona.lt\/ru\/wp-json\/wp\/v2\/product_cat?post=261203"},{"taxonomy":"product_tag","embeddable":true,"href":"https:\/\/irankiuzona.lt\/ru\/wp-json\/wp\/v2\/product_tag?post=261203"}],"curies":[{"name":"wp","href":"https:\/\/api.w.org\/{rel}","templated":true}]}}