{"id":261217,"date":"2024-09-29T12:40:34","date_gmt":"2024-09-29T12:40:34","guid":{"rendered":"https:\/\/irankiuzona.lt\/product\/auksto-slegio-siurblio-dantracio-nuemejas-hyundai-kia-2\/"},"modified":"2026-04-13T19:53:34","modified_gmt":"2026-04-13T19:53:34","slug":"auksto-slegio-siurblio-dantracio-nuemejas-hyundai-kia-2","status":"publish","type":"product","link":"https:\/\/irankiuzona.lt\/ru\/product\/auksto-slegio-siurblio-dantracio-nuemejas-hyundai-kia-2\/","title":{"rendered":"Auk\u0161to sl\u0117gio siurblio dantra\u010dio nu\u0117m\u0117jas Hyundai Kia"},"content":{"rendered":"<p>Modeliai:<\/p>\n<p>Hyundai: Matrix (01-11), Accent (02-15), Getz (03-09), i10 (08-10), Elantra (07-10), i30 (07-16), i20 (09-16), ix35 (10-16), ix20 (10-15), i40 (11-16), i20Coupe (15-16), Tucson (15-16).<br \/>\nKIA: Cerato (04-07), Rio (05-16), Picanto (04-11), Cee\u2019d (07-16), Pro-Cee\u2019d (08-16), Soul (09-14), Venga (09-15), Sportage (10-16), Carens (10-16), Optima (11-15).<\/p>\n<p>Varikli\u0173 kodai\u00a0:<\/p>\n<p>1.1: D3FA, D3FA (U2), D3FF<br \/>\n1.4: D4FC (U1), D4FC (U2)<br \/>\n1.5: D3EA, D4FA-L, D4FA, D4FA-H<br \/>\n1.6: D4FB-H (U1), D4FB (U1), D4FB-L (U1), D4FB (U2), D4FB-L (U2), D4FB-H (U2), D4FB<br \/>\n1.7: D4FD (U2), D4FD-L (U2), D4FD-H (U2), D4FD<\/p>","protected":false},"excerpt":{"rendered":"<p>Auk\u0161to sl\u0117gio siurblio dantra\u010dio nu\u0117m\u0117jas Hyundai Kia<\/p>","protected":false},"featured_media":261219,"comment_status":"open","ping_status":"open","template":"","meta":[],"product_cat":[9911],"product_tag":[10151],"class_list":{"0":"post-261217","1":"product","2":"type-product","3":"status-publish","4":"has-post-thumbnail","6":"product_brand-lenkija-tiekejas","7":"product_cat-kiti-blokatoriai-degimo-nustatymo-irankiai","8":"product_tag-lenkija-tiekejas","10":"first","11":"outofstock","12":"purchasable","13":"product-type-simple"},"jetpack_sharing_enabled":true,"_links":{"self":[{"href":"https:\/\/irankiuzona.lt\/ru\/wp-json\/wp\/v2\/product\/261217","targetHints":{"allow":["GET"]}}],"collection":[{"href":"https:\/\/irankiuzona.lt\/ru\/wp-json\/wp\/v2\/product"}],"about":[{"href":"https:\/\/irankiuzona.lt\/ru\/wp-json\/wp\/v2\/types\/product"}],"replies":[{"embeddable":true,"href":"https:\/\/irankiuzona.lt\/ru\/wp-json\/wp\/v2\/comments?post=261217"}],"version-history":[{"count":1,"href":"https:\/\/irankiuzona.lt\/ru\/wp-json\/wp\/v2\/product\/261217\/revisions"}],"predecessor-version":[{"id":422207,"href":"https:\/\/irankiuzona.lt\/ru\/wp-json\/wp\/v2\/product\/261217\/revisions\/422207"}],"wp:featuredmedia":[{"embeddable":true,"href":"https:\/\/irankiuzona.lt\/ru\/wp-json\/wp\/v2\/media\/261219"}],"wp:attachment":[{"href":"https:\/\/irankiuzona.lt\/ru\/wp-json\/wp\/v2\/media?parent=261217"}],"wp:term":[{"taxonomy":"product_cat","embeddable":true,"href":"https:\/\/irankiuzona.lt\/ru\/wp-json\/wp\/v2\/product_cat?post=261217"},{"taxonomy":"product_tag","embeddable":true,"href":"https:\/\/irankiuzona.lt\/ru\/wp-json\/wp\/v2\/product_tag?post=261217"}],"curies":[{"name":"wp","href":"https:\/\/api.w.org\/{rel}","templated":true}]}}