{"id":261231,"date":"2024-09-29T12:40:36","date_gmt":"2024-09-29T12:40:36","guid":{"rendered":"https:\/\/irankiuzona.lt\/product\/mobilus-1-kolonos-keltuvas-iki-810kg\/"},"modified":"2026-05-15T15:34:21","modified_gmt":"2026-05-15T15:34:21","slug":"mobilus-1-kolonos-keltuvas-iki-810kg","status":"publish","type":"product","link":"https:\/\/irankiuzona.lt\/ru\/product\/mobilus-1-kolonos-keltuvas-iki-810kg\/","title":{"rendered":"Mobilus 1 kolonos keltuvas iki 810kg"},"content":{"rendered":"<p>Keltuvo svoris: 62 kgMaksimali keliamoji galia: 810 kgMaksimalus k\u0117limo auk\u0161tis: 800 mmMinimalus k\u0117limo auk\u0161tis: 70 mm<\/p>","protected":false},"excerpt":{"rendered":"<p>Mobilus 1 kolonos keltuvas iki 810kg<\/p>","protected":false},"featured_media":261233,"comment_status":"open","ping_status":"open","template":"","meta":[],"product_cat":[10060],"product_tag":[10151],"class_list":{"0":"post-261231","1":"product","2":"type-product","3":"status-publish","4":"has-post-thumbnail","6":"product_brand-lenkija-tiekejas","7":"product_cat-hidrauliniai-keltuvai-automobiliams","8":"product_tag-lenkija-tiekejas","10":"first","11":"outofstock","12":"purchasable","13":"product-type-simple"},"jetpack_sharing_enabled":true,"_links":{"self":[{"href":"https:\/\/irankiuzona.lt\/ru\/wp-json\/wp\/v2\/product\/261231","targetHints":{"allow":["GET"]}}],"collection":[{"href":"https:\/\/irankiuzona.lt\/ru\/wp-json\/wp\/v2\/product"}],"about":[{"href":"https:\/\/irankiuzona.lt\/ru\/wp-json\/wp\/v2\/types\/product"}],"replies":[{"embeddable":true,"href":"https:\/\/irankiuzona.lt\/ru\/wp-json\/wp\/v2\/comments?post=261231"}],"version-history":[{"count":1,"href":"https:\/\/irankiuzona.lt\/ru\/wp-json\/wp\/v2\/product\/261231\/revisions"}],"predecessor-version":[{"id":422212,"href":"https:\/\/irankiuzona.lt\/ru\/wp-json\/wp\/v2\/product\/261231\/revisions\/422212"}],"wp:featuredmedia":[{"embeddable":true,"href":"https:\/\/irankiuzona.lt\/ru\/wp-json\/wp\/v2\/media\/261233"}],"wp:attachment":[{"href":"https:\/\/irankiuzona.lt\/ru\/wp-json\/wp\/v2\/media?parent=261231"}],"wp:term":[{"taxonomy":"product_cat","embeddable":true,"href":"https:\/\/irankiuzona.lt\/ru\/wp-json\/wp\/v2\/product_cat?post=261231"},{"taxonomy":"product_tag","embeddable":true,"href":"https:\/\/irankiuzona.lt\/ru\/wp-json\/wp\/v2\/product_tag?post=261231"}],"curies":[{"name":"wp","href":"https:\/\/api.w.org\/{rel}","templated":true}]}}