{"id":261434,"date":"2024-09-29T12:40:56","date_gmt":"2024-09-29T12:40:56","guid":{"rendered":"https:\/\/irankiuzona.lt\/product\/lazerinis-nivelyras-5-10m-hogert-ht4m070\/"},"modified":"2026-04-14T13:28:30","modified_gmt":"2026-04-14T13:28:30","slug":"lazerinis-nivelyras-5-10m-hogert-ht4m070","status":"publish","type":"product","link":"https:\/\/irankiuzona.lt\/ru\/product\/lazerinis-nivelyras-5-10m-hogert-ht4m070\/","title":{"rendered":"Lazerinis nivelyras 5-10m. \/ HOGERT HT4M070"},"content":{"rendered":"<p>Profesionalus savaime i\u0161silyginantis lazerinis nivelyras, skirtas tiksliai nustatyti vertikalias, horizontalias ir skersines linijas lazeriu. Jo taikymas u\u017etikrina did\u017eiausi\u0105 matavimo tikslum\u0105 ir klaid\u0173 pa\u0161alinim\u0105 statybos, apdailos, surinkimo ir montavimo darbuose. Jis taip pat taikomas dekoravimo darbams, pvz. pakabinamos lentynos ar paveikslai. Naudojamas tiek viduje, tiek lauke.<br \/>\nCharakteristikos<br \/>\n. didelis savaiminio i\u0161silyginimo tikslumas +\/- 4\u00b0, rankinis reguliavimas nereikalingas;. darbo diapazonas: sija iki 5 m \/ skersmuo iki 10 m;. raudonas lazerio spindulys u\u017etikrina \u012fskaitomum\u0105 ir ai\u0161kum\u0105;. 3 matavimo parinktys: horizontalus, \u0161oninis vertikalus ir kry\u017eminis;. matavimo tikslumas 0,5 mm\/m lygyje;. lazerio bangos ilgis 650 Nm;. II klas\u0117s tikslumas;. 1\/2\u201d trikojo sriegis;. 360\u00b0 besisukantis pagrindas lengvam darbui;. maitinamas 2 x AA 1,5 V baterijomis.<\/p>","protected":false},"excerpt":{"rendered":"<p>Lazerinis nivelyras 5-10m. \/ HOGERT HT4M070<\/p>","protected":false},"featured_media":261436,"comment_status":"open","ping_status":"open","template":"","meta":[],"product_cat":[9973],"product_tag":[9969],"class_list":{"0":"post-261434","1":"product","2":"type-product","3":"status-publish","4":"has-post-thumbnail","6":"product_brand-hogert-technik-vokietija","7":"product_cat-lazeriniai-matuokliai","8":"product_tag-hogert-technik-vokietija","10":"first","11":"outofstock","12":"purchasable","13":"product-type-simple"},"jetpack_sharing_enabled":true,"_links":{"self":[{"href":"https:\/\/irankiuzona.lt\/ru\/wp-json\/wp\/v2\/product\/261434","targetHints":{"allow":["GET"]}}],"collection":[{"href":"https:\/\/irankiuzona.lt\/ru\/wp-json\/wp\/v2\/product"}],"about":[{"href":"https:\/\/irankiuzona.lt\/ru\/wp-json\/wp\/v2\/types\/product"}],"replies":[{"embeddable":true,"href":"https:\/\/irankiuzona.lt\/ru\/wp-json\/wp\/v2\/comments?post=261434"}],"version-history":[{"count":1,"href":"https:\/\/irankiuzona.lt\/ru\/wp-json\/wp\/v2\/product\/261434\/revisions"}],"predecessor-version":[{"id":422280,"href":"https:\/\/irankiuzona.lt\/ru\/wp-json\/wp\/v2\/product\/261434\/revisions\/422280"}],"wp:featuredmedia":[{"embeddable":true,"href":"https:\/\/irankiuzona.lt\/ru\/wp-json\/wp\/v2\/media\/261436"}],"wp:attachment":[{"href":"https:\/\/irankiuzona.lt\/ru\/wp-json\/wp\/v2\/media?parent=261434"}],"wp:term":[{"taxonomy":"product_cat","embeddable":true,"href":"https:\/\/irankiuzona.lt\/ru\/wp-json\/wp\/v2\/product_cat?post=261434"},{"taxonomy":"product_tag","embeddable":true,"href":"https:\/\/irankiuzona.lt\/ru\/wp-json\/wp\/v2\/product_tag?post=261434"}],"curies":[{"name":"wp","href":"https:\/\/api.w.org\/{rel}","templated":true}]}}