{"id":261440,"date":"2024-09-29T12:40:57","date_gmt":"2024-09-29T12:40:57","guid":{"rendered":"https:\/\/irankiuzona.lt\/product\/dujinis-lituoklis-su-pjezo-220w-hogert-ht2c401\/"},"modified":"2026-04-13T07:29:51","modified_gmt":"2026-04-13T07:29:51","slug":"dujinis-lituoklis-su-pjezo-220w-hogert-ht2c401","status":"publish","type":"product","link":"https:\/\/irankiuzona.lt\/ru\/product\/dujinis-lituoklis-su-pjezo-220w-hogert-ht2c401\/","title":{"rendered":"Dujinis lituoklis su pjezo 220W HOGERT HT2C401"},"content":{"rendered":"<p>. 220 W galios pjezo u\u017edegimo lituoklis;. turi 3 funkcijas: lituokl\u012f (400 \u00b0 C) ir papildomai degikl\u012f (1300 \u00b0 C) ir \u0161ilumos pistolet\u0105 (550 \u00b0 C);. varomas butano\/propano dujomis, turi galios reguliavim\u0105;. 7 ml duj\u0173 bakas u\u017etikrina veikim\u0105 iki 40 minu\u010di\u0173;. lituoklis pagamintas i\u0161 ner\u016bdijan\u010dio plieno, antgalis &#8211; i\u0161 \u017ealvario;. ma\u017eas dydis ir svoris;. ergonomi\u0161ka rankena u\u017etikrina patogum\u0105 dirbti ir naudoti lituokl\u012f.<\/p>","protected":false},"excerpt":{"rendered":"<p>Dujinis lituoklis su pjezo 220W HOGERT HT2C401<\/p>","protected":false},"featured_media":261442,"comment_status":"open","ping_status":"open","template":"","meta":[],"product_cat":[9802],"product_tag":[9969],"class_list":{"0":"post-261440","1":"product","2":"type-product","3":"status-publish","4":"has-post-thumbnail","6":"product_brand-hogert-technik-vokietija","7":"product_cat-lituokliai","8":"product_tag-hogert-technik-vokietija","10":"first","11":"outofstock","12":"purchasable","13":"product-type-simple"},"jetpack_sharing_enabled":true,"_links":{"self":[{"href":"https:\/\/irankiuzona.lt\/ru\/wp-json\/wp\/v2\/product\/261440","targetHints":{"allow":["GET"]}}],"collection":[{"href":"https:\/\/irankiuzona.lt\/ru\/wp-json\/wp\/v2\/product"}],"about":[{"href":"https:\/\/irankiuzona.lt\/ru\/wp-json\/wp\/v2\/types\/product"}],"replies":[{"embeddable":true,"href":"https:\/\/irankiuzona.lt\/ru\/wp-json\/wp\/v2\/comments?post=261440"}],"version-history":[{"count":1,"href":"https:\/\/irankiuzona.lt\/ru\/wp-json\/wp\/v2\/product\/261440\/revisions"}],"predecessor-version":[{"id":422282,"href":"https:\/\/irankiuzona.lt\/ru\/wp-json\/wp\/v2\/product\/261440\/revisions\/422282"}],"wp:featuredmedia":[{"embeddable":true,"href":"https:\/\/irankiuzona.lt\/ru\/wp-json\/wp\/v2\/media\/261442"}],"wp:attachment":[{"href":"https:\/\/irankiuzona.lt\/ru\/wp-json\/wp\/v2\/media?parent=261440"}],"wp:term":[{"taxonomy":"product_cat","embeddable":true,"href":"https:\/\/irankiuzona.lt\/ru\/wp-json\/wp\/v2\/product_cat?post=261440"},{"taxonomy":"product_tag","embeddable":true,"href":"https:\/\/irankiuzona.lt\/ru\/wp-json\/wp\/v2\/product_tag?post=261440"}],"curies":[{"name":"wp","href":"https:\/\/api.w.org\/{rel}","templated":true}]}}